{"id":1880,"date":"2021-03-04T12:53:46","date_gmt":"2021-03-04T11:53:46","guid":{"rendered":"https:\/\/plauserspeckladele.it\/?post_type=product&#038;p=1880"},"modified":"2025-05-21T16:50:06","modified_gmt":"2025-05-21T14:50:06","slug":"suedt-chardonnay-riserva-goldegg-kellerei-meran","status":"publish","type":"product","link":"https:\/\/plauserspeckladele.it\/?product=suedt-chardonnay-riserva-goldegg-kellerei-meran","title":{"rendered":"S\u00fcdt. Chardonnay Riserva GOLDEGG Kellerei Meran"},"content":{"rendered":"<p>Dieser ausdrucksstarke, sehr kr\u00e4ftige Chardonnay Riserva hat seine Heimat an den Westh\u00e4ngen des Dorfes Schenna gefunden. Auf diesem trockenen, tiefgr\u00fcndigen, quarzreichen Boden mit vereinzelten Marmoreinschl\u00fcssen m\u00fcssen die alten Chardonnay-Reben tief in die Erde wurzeln und entfalten dadurch komplexeste Aromen von reifen und tropischen Fr\u00fcchten. Ausgebaut \u00fcber mehrere Monate in Tonneaux-F\u00e4ssern entwickelt dieser edle Tropfen handselektierter Trauben zus\u00e4tzlich einzigartige Terti\u00e4raromen. Ein harmonischer Wei\u00dfwein mit cremiger Struktur und hohem Alterungspotenzial.<\/p>\n","protected":false},"excerpt":{"rendered":"<p>Dieser ausdrucksstarke, sehr kr\u00e4ftige Chardonnay Riserva hat seine Heimat an den Westh\u00e4ngen des Dorfes Schenna gefunden. Auf diesem trockenen, tiefgr\u00fcndigen, quarzreichen Boden mit vereinzelten Marmoreinschl\u00fcssen m\u00fcssen die alten Chardonnay-Reben tief&#8230;<\/p>\n","protected":false},"featured_media":2057,"comment_status":"closed","ping_status":"closed","template":"","meta":[],"product_brand":[],"product_cat":[43],"product_tag":[],"class_list":{"0":"post-1880","1":"product","2":"type-product","3":"status-publish","4":"has-post-thumbnail","6":"product_cat-suedtiroler-weine","8":"first","9":"instock","10":"taxable","11":"shipping-taxable","12":"purchasable","13":"product-type-simple"},"_links":{"self":[{"href":"https:\/\/plauserspeckladele.it\/index.php?rest_route=\/wp\/v2\/product\/1880","targetHints":{"allow":["GET"]}}],"collection":[{"href":"https:\/\/plauserspeckladele.it\/index.php?rest_route=\/wp\/v2\/product"}],"about":[{"href":"https:\/\/plauserspeckladele.it\/index.php?rest_route=\/wp\/v2\/types\/product"}],"replies":[{"embeddable":true,"href":"https:\/\/plauserspeckladele.it\/index.php?rest_route=%2Fwp%2Fv2%2Fcomments&post=1880"}],"wp:featuredmedia":[{"embeddable":true,"href":"https:\/\/plauserspeckladele.it\/index.php?rest_route=\/wp\/v2\/media\/2057"}],"wp:attachment":[{"href":"https:\/\/plauserspeckladele.it\/index.php?rest_route=%2Fwp%2Fv2%2Fmedia&parent=1880"}],"wp:term":[{"taxonomy":"product_brand","embeddable":true,"href":"https:\/\/plauserspeckladele.it\/index.php?rest_route=%2Fwp%2Fv2%2Fproduct_brand&post=1880"},{"taxonomy":"product_cat","embeddable":true,"href":"https:\/\/plauserspeckladele.it\/index.php?rest_route=%2Fwp%2Fv2%2Fproduct_cat&post=1880"},{"taxonomy":"product_tag","embeddable":true,"href":"https:\/\/plauserspeckladele.it\/index.php?rest_route=%2Fwp%2Fv2%2Fproduct_tag&post=1880"}],"curies":[{"name":"wp","href":"https:\/\/api.w.org\/{rel}","templated":true}]}}