{"id":1883,"date":"2021-03-04T12:53:46","date_gmt":"2021-03-04T11:56:09","guid":{"rendered":"https:\/\/plauserspeckladele.it\/produkt\/a-a-chardonnay-riserva-goldegg-cantina-merano\/"},"modified":"2021-03-04T12:56:09","modified_gmt":"2021-03-04T11:56:09","slug":"suedt-chardonnay-riserva-goldegg-kellerei-meran-2","status":"publish","type":"product","link":"https:\/\/plauserspeckladele.it\/?product=suedt-chardonnay-riserva-goldegg-kellerei-meran-2&lang=it","title":{"rendered":"A.A. Chardonnay Riserva GOLDEGG Cantina Merano"},"content":{"rendered":"<p>Questo vino bianco riserva di uva Chardonnay, espressivo e imponente, ha trovato la sua dimora prediletta sulle pendici occidentali del paese di Scena. Nel terreno asciutto e ricco di quarzo con frammenti marmorei sparsi, le vecchie viti di Chardonnay sono obbligate a radicare in profondit\u00e0, sviluppando cos\u00ec gli aromi pi\u00f9 complessi di frutti maturi e tropicali. Maturato e affinato per diversi mesi in botti di tonneaux, questo nobile vino di uve selezionate a mano sviluppa ulteriori aromi terziari straordinari. Un vino bianco equilibrato, cremoso e con un elevato potenziale di invecchiamento.<\/p>\n","protected":false},"excerpt":{"rendered":"<p>Questo vino bianco riserva di uva Chardonnay, espressivo e imponente, ha trovato la sua dimora prediletta sulle pendici occidentali del paese di Scena. Nel terreno asciutto e ricco di quarzo&#8230;<\/p>\n","protected":false},"featured_media":2058,"comment_status":"closed","ping_status":"closed","template":"","meta":[],"product_brand":[],"product_cat":[47],"product_tag":[],"class_list":{"0":"post-1883","1":"product","2":"type-product","3":"status-publish","4":"has-post-thumbnail","6":"product_cat-vino-dellalto-adige","8":"first","9":"instock","10":"taxable","11":"shipping-taxable","12":"purchasable","13":"product-type-simple"},"_links":{"self":[{"href":"https:\/\/plauserspeckladele.it\/index.php?rest_route=\/wp\/v2\/product\/1883","targetHints":{"allow":["GET"]}}],"collection":[{"href":"https:\/\/plauserspeckladele.it\/index.php?rest_route=\/wp\/v2\/product"}],"about":[{"href":"https:\/\/plauserspeckladele.it\/index.php?rest_route=\/wp\/v2\/types\/product"}],"replies":[{"embeddable":true,"href":"https:\/\/plauserspeckladele.it\/index.php?rest_route=%2Fwp%2Fv2%2Fcomments&post=1883"}],"wp:featuredmedia":[{"embeddable":true,"href":"https:\/\/plauserspeckladele.it\/index.php?rest_route=\/wp\/v2\/media\/2058"}],"wp:attachment":[{"href":"https:\/\/plauserspeckladele.it\/index.php?rest_route=%2Fwp%2Fv2%2Fmedia&parent=1883"}],"wp:term":[{"taxonomy":"product_brand","embeddable":true,"href":"https:\/\/plauserspeckladele.it\/index.php?rest_route=%2Fwp%2Fv2%2Fproduct_brand&post=1883"},{"taxonomy":"product_cat","embeddable":true,"href":"https:\/\/plauserspeckladele.it\/index.php?rest_route=%2Fwp%2Fv2%2Fproduct_cat&post=1883"},{"taxonomy":"product_tag","embeddable":true,"href":"https:\/\/plauserspeckladele.it\/index.php?rest_route=%2Fwp%2Fv2%2Fproduct_tag&post=1883"}],"curies":[{"name":"wp","href":"https:\/\/api.w.org\/{rel}","templated":true}]}}