{"id":1910,"date":"2021-03-05T18:57:54","date_gmt":"2021-03-05T17:57:54","guid":{"rendered":"https:\/\/plauserspeckladele.it\/?post_type=product&#038;p=1910"},"modified":"2025-05-21T16:49:43","modified_gmt":"2025-05-21T14:49:43","slug":"suedt-chardonnay-festival","status":"publish","type":"product","link":"https:\/\/plauserspeckladele.it\/?product=suedt-chardonnay-festival","title":{"rendered":"S\u00fcdt. Chardonnay FESTIVAL Kellerei Meran"},"content":{"rendered":"<p>Der Chardonnay ist auf der ganzen Welt beheimatet. Auch im Meraner Land findet diese renommierte Wei\u00dfweinsorte beste Voraussetzungen zum Gedeihen vor und entfaltet im Verschnitt aus verschiedenster H\u00f6henlagen ihre ganz eigene, individuelle Aromen-Vielfalt . Ein Wei\u00dfwein mit Charme.<\/p>\n","protected":false},"excerpt":{"rendered":"<p>Der Chardonnay ist auf der ganzen Welt beheimatet. Auch im Meraner Land findet diese renommierte Wei\u00dfweinsorte beste Voraussetzungen zum Gedeihen vor und entfaltet im Verschnitt aus verschiedenster H\u00f6henlagen ihre ganz&#8230;<\/p>\n","protected":false},"featured_media":2050,"comment_status":"closed","ping_status":"closed","template":"","meta":[],"product_brand":[],"product_cat":[43],"product_tag":[],"class_list":{"0":"post-1910","1":"product","2":"type-product","3":"status-publish","4":"has-post-thumbnail","6":"product_cat-suedtiroler-weine","8":"first","9":"instock","10":"taxable","11":"shipping-taxable","12":"purchasable","13":"product-type-simple"},"_links":{"self":[{"href":"https:\/\/plauserspeckladele.it\/index.php?rest_route=\/wp\/v2\/product\/1910","targetHints":{"allow":["GET"]}}],"collection":[{"href":"https:\/\/plauserspeckladele.it\/index.php?rest_route=\/wp\/v2\/product"}],"about":[{"href":"https:\/\/plauserspeckladele.it\/index.php?rest_route=\/wp\/v2\/types\/product"}],"replies":[{"embeddable":true,"href":"https:\/\/plauserspeckladele.it\/index.php?rest_route=%2Fwp%2Fv2%2Fcomments&post=1910"}],"wp:featuredmedia":[{"embeddable":true,"href":"https:\/\/plauserspeckladele.it\/index.php?rest_route=\/wp\/v2\/media\/2050"}],"wp:attachment":[{"href":"https:\/\/plauserspeckladele.it\/index.php?rest_route=%2Fwp%2Fv2%2Fmedia&parent=1910"}],"wp:term":[{"taxonomy":"product_brand","embeddable":true,"href":"https:\/\/plauserspeckladele.it\/index.php?rest_route=%2Fwp%2Fv2%2Fproduct_brand&post=1910"},{"taxonomy":"product_cat","embeddable":true,"href":"https:\/\/plauserspeckladele.it\/index.php?rest_route=%2Fwp%2Fv2%2Fproduct_cat&post=1910"},{"taxonomy":"product_tag","embeddable":true,"href":"https:\/\/plauserspeckladele.it\/index.php?rest_route=%2Fwp%2Fv2%2Fproduct_tag&post=1910"}],"curies":[{"name":"wp","href":"https:\/\/api.w.org\/{rel}","templated":true}]}}