{"id":1914,"date":"2021-03-05T19:08:56","date_gmt":"2021-03-05T18:08:56","guid":{"rendered":"https:\/\/plauserspeckladele.it\/?post_type=product&#038;p=1914"},"modified":"2025-05-21T16:49:36","modified_gmt":"2025-05-21T14:49:36","slug":"suedt-chardonnay-graf-kellerei-meran","status":"publish","type":"product","link":"https:\/\/plauserspeckladele.it\/?product=suedt-chardonnay-graf-kellerei-meran","title":{"rendered":"S\u00fcdt. Chardonnay GRAF Kellerei Meran"},"content":{"rendered":"<p>Diese Wei\u00dfweinsorte ist ein richtiges Multitalent. W\u00e4hrend beim Stahltank-Ausbau vor allem die Frische im Vordergrund steht, kommt seine komplexe Aromavielfalt und Langlebigkeit erst durch die Lagerung im Eichenholzfass wirklich zum Tragen. Nur Trauben von alten Rebst\u00f6cken mit exzellenter Qualit\u00e4t aus ausgew\u00e4hlten Weinbergen sind hierf\u00fcr geeignet. Ein Aromaspiel der besonderen Art.<\/p>\n","protected":false},"excerpt":{"rendered":"<p>Diese Wei\u00dfweinsorte ist ein richtiges Multitalent. W\u00e4hrend beim Stahltank-Ausbau vor allem die Frische im Vordergrund steht, kommt seine komplexe Aromavielfalt und Langlebigkeit erst durch die Lagerung im Eichenholzfass wirklich zum&#8230;<\/p>\n","protected":false},"featured_media":2054,"comment_status":"closed","ping_status":"closed","template":"","meta":[],"product_brand":[],"product_cat":[43],"product_tag":[],"class_list":{"0":"post-1914","1":"product","2":"type-product","3":"status-publish","4":"has-post-thumbnail","6":"product_cat-suedtiroler-weine","8":"first","9":"instock","10":"taxable","11":"shipping-taxable","12":"purchasable","13":"product-type-simple"},"_links":{"self":[{"href":"https:\/\/plauserspeckladele.it\/index.php?rest_route=\/wp\/v2\/product\/1914","targetHints":{"allow":["GET"]}}],"collection":[{"href":"https:\/\/plauserspeckladele.it\/index.php?rest_route=\/wp\/v2\/product"}],"about":[{"href":"https:\/\/plauserspeckladele.it\/index.php?rest_route=\/wp\/v2\/types\/product"}],"replies":[{"embeddable":true,"href":"https:\/\/plauserspeckladele.it\/index.php?rest_route=%2Fwp%2Fv2%2Fcomments&post=1914"}],"wp:featuredmedia":[{"embeddable":true,"href":"https:\/\/plauserspeckladele.it\/index.php?rest_route=\/wp\/v2\/media\/2054"}],"wp:attachment":[{"href":"https:\/\/plauserspeckladele.it\/index.php?rest_route=%2Fwp%2Fv2%2Fmedia&parent=1914"}],"wp:term":[{"taxonomy":"product_brand","embeddable":true,"href":"https:\/\/plauserspeckladele.it\/index.php?rest_route=%2Fwp%2Fv2%2Fproduct_brand&post=1914"},{"taxonomy":"product_cat","embeddable":true,"href":"https:\/\/plauserspeckladele.it\/index.php?rest_route=%2Fwp%2Fv2%2Fproduct_cat&post=1914"},{"taxonomy":"product_tag","embeddable":true,"href":"https:\/\/plauserspeckladele.it\/index.php?rest_route=%2Fwp%2Fv2%2Fproduct_tag&post=1914"}],"curies":[{"name":"wp","href":"https:\/\/api.w.org\/{rel}","templated":true}]}}