{"id":1957,"date":"2021-03-06T15:47:17","date_gmt":"2021-03-06T14:49:03","guid":{"rendered":"https:\/\/plauserspeckladele.it\/produkt\/kaltgepresstes-olivenoel-monocultivar-peranzana-bio-orto-500-ml\/"},"modified":"2021-03-06T15:51:36","modified_gmt":"2021-03-06T14:51:36","slug":"kaltgepresstes-olivenoel-monocultivar-peranzana-bio-orto-500-ml","status":"publish","type":"product","link":"https:\/\/plauserspeckladele.it\/?product=kaltgepresstes-olivenoel-monocultivar-peranzana-bio-orto-500-ml&lang=it","title":{"rendered":"Kaltgepresstes Oliven\u00f6l monocultivar \/ peranzana BIO-ORTO 500 ml"},"content":{"rendered":"<h4>Bio Orto<\/h4>\n<p>&#8222;Non c&#8217;\u00e8 niente che possa raccontare la nostra storia meglio dei nostri prodotti, coltivati con tanto amore e cos\u00ec pieni di vita&#8220;, \u00e8 convinta la famiglia Passalacqua. &#8222;Bio Orto&#8220; produce olio d&#8217;oliva e prodotti vegetali in Puglia, nel sud Italia, ai piedi del Parco Nazionale del Gargano. Il terreno, irrigato naturalmente con l&#8217;acqua chiara delle montagne, offre condizioni climatiche ideali per la coltivazione di frutta e verdura.<\/p>\n","protected":false},"excerpt":{"rendered":"<p>Quest\u2019olio si distingue per l\u2019eleganza: l\u2019equilibrio tra amaro e piccante, il fruttato medio e la sua bassa acidit\u00e0 lo rendono uno degli extravergini pi\u00f9 apprezzati. All\u2019olfatto si esprime pieno ed avvolgente e sprigiona sentori di pomodoro acerbo e note di erbe aromatiche. Si sposa benissimo con i piatti delicati, \u00e8 perfetto su tartare di pesce, crostacei, pesce arrosto, insalate, marinate di verdure.<\/p>\n","protected":false},"featured_media":1951,"comment_status":"closed","ping_status":"closed","template":"","meta":[],"product_brand":[],"product_cat":[61],"product_tag":[],"class_list":{"0":"post-1957","1":"product","2":"type-product","3":"status-publish","4":"has-post-thumbnail","6":"product_cat-olio-di-oliva-e-aceto","8":"first","9":"instock","10":"taxable","11":"shipping-taxable","12":"purchasable","13":"product-type-simple"},"_links":{"self":[{"href":"https:\/\/plauserspeckladele.it\/index.php?rest_route=\/wp\/v2\/product\/1957","targetHints":{"allow":["GET"]}}],"collection":[{"href":"https:\/\/plauserspeckladele.it\/index.php?rest_route=\/wp\/v2\/product"}],"about":[{"href":"https:\/\/plauserspeckladele.it\/index.php?rest_route=\/wp\/v2\/types\/product"}],"replies":[{"embeddable":true,"href":"https:\/\/plauserspeckladele.it\/index.php?rest_route=%2Fwp%2Fv2%2Fcomments&post=1957"}],"wp:featuredmedia":[{"embeddable":true,"href":"https:\/\/plauserspeckladele.it\/index.php?rest_route=\/wp\/v2\/media\/1951"}],"wp:attachment":[{"href":"https:\/\/plauserspeckladele.it\/index.php?rest_route=%2Fwp%2Fv2%2Fmedia&parent=1957"}],"wp:term":[{"taxonomy":"product_brand","embeddable":true,"href":"https:\/\/plauserspeckladele.it\/index.php?rest_route=%2Fwp%2Fv2%2Fproduct_brand&post=1957"},{"taxonomy":"product_cat","embeddable":true,"href":"https:\/\/plauserspeckladele.it\/index.php?rest_route=%2Fwp%2Fv2%2Fproduct_cat&post=1957"},{"taxonomy":"product_tag","embeddable":true,"href":"https:\/\/plauserspeckladele.it\/index.php?rest_route=%2Fwp%2Fv2%2Fproduct_tag&post=1957"}],"curies":[{"name":"wp","href":"https:\/\/api.w.org\/{rel}","templated":true}]}}