{"id":2037,"date":"2021-03-06T17:24:14","date_gmt":"2021-03-06T16:24:14","guid":{"rendered":"https:\/\/plauserspeckladele.it\/?post_type=product&#038;p=2037"},"modified":"2023-03-22T11:26:08","modified_gmt":"2023-03-22T10:26:08","slug":"tomatensauce-mit-gemuese-frantoio-di-santagata-doneglia","status":"publish","type":"product","link":"https:\/\/plauserspeckladele.it\/?product=tomatensauce-mit-gemuese-frantoio-di-santagata-doneglia","title":{"rendered":"Tomatensauce mit Gem\u00fcse Frantoio di Sant&#8217;Agata d&#8217;Oneglia"},"content":{"rendered":"","protected":false},"excerpt":{"rendered":"<p>Der Sugo alle Verdure ist eine Tomatenso\u00dfe mit verschiedenem kleingehackten und gekochtem Gem\u00fc\u00dfe aus Italien. Sie wird auf Pasta aller Art, Gnocchi und Tortelloni u. a. Teigwaren gegessen.<\/p>\n","protected":false},"featured_media":2042,"comment_status":"closed","ping_status":"closed","template":"","meta":[],"product_brand":[],"product_cat":[36],"product_tag":[],"class_list":{"0":"post-2037","1":"product","2":"type-product","3":"status-publish","4":"has-post-thumbnail","6":"product_cat-antipasti","8":"first","9":"instock","10":"taxable","11":"shipping-taxable","12":"purchasable","13":"product-type-simple"},"_links":{"self":[{"href":"https:\/\/plauserspeckladele.it\/index.php?rest_route=\/wp\/v2\/product\/2037","targetHints":{"allow":["GET"]}}],"collection":[{"href":"https:\/\/plauserspeckladele.it\/index.php?rest_route=\/wp\/v2\/product"}],"about":[{"href":"https:\/\/plauserspeckladele.it\/index.php?rest_route=\/wp\/v2\/types\/product"}],"replies":[{"embeddable":true,"href":"https:\/\/plauserspeckladele.it\/index.php?rest_route=%2Fwp%2Fv2%2Fcomments&post=2037"}],"wp:featuredmedia":[{"embeddable":true,"href":"https:\/\/plauserspeckladele.it\/index.php?rest_route=\/wp\/v2\/media\/2042"}],"wp:attachment":[{"href":"https:\/\/plauserspeckladele.it\/index.php?rest_route=%2Fwp%2Fv2%2Fmedia&parent=2037"}],"wp:term":[{"taxonomy":"product_brand","embeddable":true,"href":"https:\/\/plauserspeckladele.it\/index.php?rest_route=%2Fwp%2Fv2%2Fproduct_brand&post=2037"},{"taxonomy":"product_cat","embeddable":true,"href":"https:\/\/plauserspeckladele.it\/index.php?rest_route=%2Fwp%2Fv2%2Fproduct_cat&post=2037"},{"taxonomy":"product_tag","embeddable":true,"href":"https:\/\/plauserspeckladele.it\/index.php?rest_route=%2Fwp%2Fv2%2Fproduct_tag&post=2037"}],"curies":[{"name":"wp","href":"https:\/\/api.w.org\/{rel}","templated":true}]}}