{"id":2105,"date":"2021-03-09T10:28:55","date_gmt":"2021-03-09T09:30:52","guid":{"rendered":"https:\/\/plauserspeckladele.it\/produkt\/succo-di-mela-del-contandino-tasiolerhof-1-litro\/"},"modified":"2021-03-09T10:30:54","modified_gmt":"2021-03-09T09:30:54","slug":"apfelsaft-tasiolerhof-qualitaet-vom-bauern-1-liter","status":"publish","type":"product","link":"https:\/\/plauserspeckladele.it\/?product=apfelsaft-tasiolerhof-qualitaet-vom-bauern-1-liter&lang=it","title":{"rendered":"Succo di Mela del Contandino Tasiolerhof 1 Litro"},"content":{"rendered":"","protected":false},"excerpt":{"rendered":"<p>Il maso \u201cTasiolerhof \u201d \u00e8 situato a 900 m di altitudine su un versante soleggiato presso Fi\u00e8 allo Sciliar. Da molti anni ormai un succo di mela di alta qualit\u00e0 \u00e8 prodotto con mele Golden Delicious e Jonagold. L\u2019eccellente succo nasce da una produzione integrata e da una lavorazione delicata della frutta.<\/p>\n","protected":false},"featured_media":2102,"comment_status":"closed","ping_status":"closed","template":"","meta":[],"product_brand":[],"product_cat":[59],"product_tag":[],"class_list":{"0":"post-2105","1":"product","2":"type-product","3":"status-publish","4":"has-post-thumbnail","6":"product_cat-succhi-di-frutta","8":"first","9":"outofstock","10":"taxable","11":"shipping-taxable","12":"purchasable","13":"product-type-simple"},"_links":{"self":[{"href":"https:\/\/plauserspeckladele.it\/index.php?rest_route=\/wp\/v2\/product\/2105","targetHints":{"allow":["GET"]}}],"collection":[{"href":"https:\/\/plauserspeckladele.it\/index.php?rest_route=\/wp\/v2\/product"}],"about":[{"href":"https:\/\/plauserspeckladele.it\/index.php?rest_route=\/wp\/v2\/types\/product"}],"replies":[{"embeddable":true,"href":"https:\/\/plauserspeckladele.it\/index.php?rest_route=%2Fwp%2Fv2%2Fcomments&post=2105"}],"wp:featuredmedia":[{"embeddable":true,"href":"https:\/\/plauserspeckladele.it\/index.php?rest_route=\/wp\/v2\/media\/2102"}],"wp:attachment":[{"href":"https:\/\/plauserspeckladele.it\/index.php?rest_route=%2Fwp%2Fv2%2Fmedia&parent=2105"}],"wp:term":[{"taxonomy":"product_brand","embeddable":true,"href":"https:\/\/plauserspeckladele.it\/index.php?rest_route=%2Fwp%2Fv2%2Fproduct_brand&post=2105"},{"taxonomy":"product_cat","embeddable":true,"href":"https:\/\/plauserspeckladele.it\/index.php?rest_route=%2Fwp%2Fv2%2Fproduct_cat&post=2105"},{"taxonomy":"product_tag","embeddable":true,"href":"https:\/\/plauserspeckladele.it\/index.php?rest_route=%2Fwp%2Fv2%2Fproduct_tag&post=2105"}],"curies":[{"name":"wp","href":"https:\/\/api.w.org\/{rel}","templated":true}]}}