{"id":2151,"date":"2021-03-13T09:49:15","date_gmt":"2021-03-13T08:49:15","guid":{"rendered":"https:\/\/plauserspeckladele.it\/?post_type=product&#038;p=2151"},"modified":"2025-05-21T16:47:31","modified_gmt":"2025-05-21T14:47:31","slug":"suedt-gewuerztraminer-graf-kellerei-meran","status":"publish","type":"product","link":"https:\/\/plauserspeckladele.it\/?product=suedt-gewuerztraminer-graf-kellerei-meran","title":{"rendered":"S\u00fcdt. Gew\u00fcrztraminer GRAF Kellerei Meran"},"content":{"rendered":"<p>Rosenbl\u00e4tter, Litschi, Gew\u00fcrznelken und tropische Fr\u00fcchte, diese opulente Aromavielfalt beschreibt die international ber\u00fchmteste autochthone Rebsorte S\u00fcdtirols auf den Punkt \u2013 den Gew\u00fcrztraminer. Nur durch ein optimales Zusammenspiel von Mikroklima, Ertrag und Bodenzusammensetzung l\u00e4sst sich das volle Potenzial dieser doch sehr eigenwilligen Sorte aussch\u00f6pfen.<br \/>\nEin wahrer K\u00f6nig der D\u00fcfte.<\/p>\n","protected":false},"excerpt":{"rendered":"<p>Rosenbl\u00e4tter, Litschi, Gew\u00fcrznelken und tropische Fr\u00fcchte, diese opulente Aromavielfalt beschreibt die international ber\u00fchmteste autochthone Rebsorte S\u00fcdtirols auf den Punkt \u2013 den Gew\u00fcrztraminer. Nur durch ein optimales Zusammenspiel von Mikroklima, Ertrag&#8230;<\/p>\n","protected":false},"featured_media":2300,"comment_status":"closed","ping_status":"closed","template":"","meta":[],"product_brand":[],"product_cat":[43],"product_tag":[],"class_list":{"0":"post-2151","1":"product","2":"type-product","3":"status-publish","4":"has-post-thumbnail","6":"product_cat-suedtiroler-weine","8":"first","9":"instock","10":"taxable","11":"shipping-taxable","12":"purchasable","13":"product-type-simple"},"_links":{"self":[{"href":"https:\/\/plauserspeckladele.it\/index.php?rest_route=\/wp\/v2\/product\/2151","targetHints":{"allow":["GET"]}}],"collection":[{"href":"https:\/\/plauserspeckladele.it\/index.php?rest_route=\/wp\/v2\/product"}],"about":[{"href":"https:\/\/plauserspeckladele.it\/index.php?rest_route=\/wp\/v2\/types\/product"}],"replies":[{"embeddable":true,"href":"https:\/\/plauserspeckladele.it\/index.php?rest_route=%2Fwp%2Fv2%2Fcomments&post=2151"}],"wp:featuredmedia":[{"embeddable":true,"href":"https:\/\/plauserspeckladele.it\/index.php?rest_route=\/wp\/v2\/media\/2300"}],"wp:attachment":[{"href":"https:\/\/plauserspeckladele.it\/index.php?rest_route=%2Fwp%2Fv2%2Fmedia&parent=2151"}],"wp:term":[{"taxonomy":"product_brand","embeddable":true,"href":"https:\/\/plauserspeckladele.it\/index.php?rest_route=%2Fwp%2Fv2%2Fproduct_brand&post=2151"},{"taxonomy":"product_cat","embeddable":true,"href":"https:\/\/plauserspeckladele.it\/index.php?rest_route=%2Fwp%2Fv2%2Fproduct_cat&post=2151"},{"taxonomy":"product_tag","embeddable":true,"href":"https:\/\/plauserspeckladele.it\/index.php?rest_route=%2Fwp%2Fv2%2Fproduct_tag&post=2151"}],"curies":[{"name":"wp","href":"https:\/\/api.w.org\/{rel}","templated":true}]}}