{"id":2163,"date":"2021-03-13T10:38:42","date_gmt":"2021-03-13T09:38:42","guid":{"rendered":"https:\/\/plauserspeckladele.it\/?post_type=product&#038;p=2163"},"modified":"2025-05-21T16:44:33","modified_gmt":"2025-05-21T14:44:33","slug":"suedt-kerner-graf-kellerei-meran","status":"publish","type":"product","link":"https:\/\/plauserspeckladele.it\/?product=suedt-kerner-graf-kellerei-meran","title":{"rendered":"S\u00fcdt. Kerner GRAF Kellerei Meran"},"content":{"rendered":"<p>Diese wahrlich gelungene Kreuzung aus Vernatsch und Riesling &#8211; benannt nach dem deutschen Dichter Justinus Kerner &#8211; ist eine aus Deutschland stammende, frostbest\u00e4ndige Rebsorte, welche im Meraner Raum oberhalb von 500 m ideale Wachstumsbedingungen vorfindet. Durch eine strikte Ertragsreduzierung und geeignete Standortwahl l\u00e4sst sich ein facettenreicher, mineralischer und fruchtiger Wei\u00dfwein mit sch\u00f6n ausgepr\u00e4gter S\u00e4urestruktur kreieren. Hier trifft Wein auf &#8222;Poesie\u201c.<\/p>\n","protected":false},"excerpt":{"rendered":"<p>Diese wahrlich gelungene Kreuzung aus Vernatsch und Riesling &#8211; benannt nach dem deutschen Dichter Justinus Kerner &#8211; ist eine aus Deutschland stammende, frostbest\u00e4ndige Rebsorte, welche im Meraner Raum oberhalb von&#8230;<\/p>\n","protected":false},"featured_media":2306,"comment_status":"closed","ping_status":"closed","template":"","meta":[],"product_brand":[],"product_cat":[43],"product_tag":[],"class_list":{"0":"post-2163","1":"product","2":"type-product","3":"status-publish","4":"has-post-thumbnail","6":"product_cat-suedtiroler-weine","8":"first","9":"instock","10":"taxable","11":"shipping-taxable","12":"purchasable","13":"product-type-simple"},"_links":{"self":[{"href":"https:\/\/plauserspeckladele.it\/index.php?rest_route=\/wp\/v2\/product\/2163","targetHints":{"allow":["GET"]}}],"collection":[{"href":"https:\/\/plauserspeckladele.it\/index.php?rest_route=\/wp\/v2\/product"}],"about":[{"href":"https:\/\/plauserspeckladele.it\/index.php?rest_route=\/wp\/v2\/types\/product"}],"replies":[{"embeddable":true,"href":"https:\/\/plauserspeckladele.it\/index.php?rest_route=%2Fwp%2Fv2%2Fcomments&post=2163"}],"wp:featuredmedia":[{"embeddable":true,"href":"https:\/\/plauserspeckladele.it\/index.php?rest_route=\/wp\/v2\/media\/2306"}],"wp:attachment":[{"href":"https:\/\/plauserspeckladele.it\/index.php?rest_route=%2Fwp%2Fv2%2Fmedia&parent=2163"}],"wp:term":[{"taxonomy":"product_brand","embeddable":true,"href":"https:\/\/plauserspeckladele.it\/index.php?rest_route=%2Fwp%2Fv2%2Fproduct_brand&post=2163"},{"taxonomy":"product_cat","embeddable":true,"href":"https:\/\/plauserspeckladele.it\/index.php?rest_route=%2Fwp%2Fv2%2Fproduct_cat&post=2163"},{"taxonomy":"product_tag","embeddable":true,"href":"https:\/\/plauserspeckladele.it\/index.php?rest_route=%2Fwp%2Fv2%2Fproduct_tag&post=2163"}],"curies":[{"name":"wp","href":"https:\/\/api.w.org\/{rel}","templated":true}]}}