{"id":2172,"date":"2021-03-13T11:11:13","date_gmt":"2021-03-13T10:11:13","guid":{"rendered":"https:\/\/plauserspeckladele.it\/?post_type=product&#038;p=2172"},"modified":"2025-05-21T16:42:45","modified_gmt":"2025-05-21T14:42:45","slug":"suedt-lagrein-graf-kellerei-meran","status":"publish","type":"product","link":"https:\/\/plauserspeckladele.it\/?product=suedt-lagrein-graf-kellerei-meran","title":{"rendered":"S\u00fcdt. Lagrein GRAF Kellerei Meran"},"content":{"rendered":"<p>Als autochthone, schwere Rotweinsorte z\u00e4hlt der extraktreiche, vollmundige Lagrein zu den Leitsorten unseres Landes. Der Anbau beschr\u00e4nkt sich grundlegend auf die Sandb\u00f6den in den w\u00e4rmsten Tallagen S\u00fcdtirols. Durch konsequente Ertragsregulierung der alten Rebst\u00f6cke entstehen Weine von unverkennbarer, samtiger F\u00fclle und Eleganz. Ein authentischer Hochgenuss S\u00fcdtirols.<\/p>\n","protected":false},"excerpt":{"rendered":"<p>Als autochthone, schwere Rotweinsorte z\u00e4hlt der extraktreiche, vollmundige Lagrein zu den Leitsorten unseres Landes. Der Anbau beschr\u00e4nkt sich grundlegend auf die Sandb\u00f6den in den w\u00e4rmsten Tallagen S\u00fcdtirols. Durch konsequente Ertragsregulierung&#8230;<\/p>\n","protected":false},"featured_media":2308,"comment_status":"closed","ping_status":"closed","template":"","meta":[],"product_brand":[],"product_cat":[43],"product_tag":[],"class_list":{"0":"post-2172","1":"product","2":"type-product","3":"status-publish","4":"has-post-thumbnail","6":"product_cat-suedtiroler-weine","8":"first","9":"instock","10":"taxable","11":"shipping-taxable","12":"purchasable","13":"product-type-simple"},"_links":{"self":[{"href":"https:\/\/plauserspeckladele.it\/index.php?rest_route=\/wp\/v2\/product\/2172","targetHints":{"allow":["GET"]}}],"collection":[{"href":"https:\/\/plauserspeckladele.it\/index.php?rest_route=\/wp\/v2\/product"}],"about":[{"href":"https:\/\/plauserspeckladele.it\/index.php?rest_route=\/wp\/v2\/types\/product"}],"replies":[{"embeddable":true,"href":"https:\/\/plauserspeckladele.it\/index.php?rest_route=%2Fwp%2Fv2%2Fcomments&post=2172"}],"wp:featuredmedia":[{"embeddable":true,"href":"https:\/\/plauserspeckladele.it\/index.php?rest_route=\/wp\/v2\/media\/2308"}],"wp:attachment":[{"href":"https:\/\/plauserspeckladele.it\/index.php?rest_route=%2Fwp%2Fv2%2Fmedia&parent=2172"}],"wp:term":[{"taxonomy":"product_brand","embeddable":true,"href":"https:\/\/plauserspeckladele.it\/index.php?rest_route=%2Fwp%2Fv2%2Fproduct_brand&post=2172"},{"taxonomy":"product_cat","embeddable":true,"href":"https:\/\/plauserspeckladele.it\/index.php?rest_route=%2Fwp%2Fv2%2Fproduct_cat&post=2172"},{"taxonomy":"product_tag","embeddable":true,"href":"https:\/\/plauserspeckladele.it\/index.php?rest_route=%2Fwp%2Fv2%2Fproduct_tag&post=2172"}],"curies":[{"name":"wp","href":"https:\/\/api.w.org\/{rel}","templated":true}]}}