{"id":2206,"date":"2020-12-08T15:36:55","date_gmt":"2021-03-19T16:34:12","guid":{"rendered":"https:\/\/plauserspeckladele.it\/produkt\/schuettelbrot-con-sesamo-fritz-und-felix\/"},"modified":"2021-03-19T17:34:12","modified_gmt":"2021-03-19T16:34:12","slug":"sesam-schuettelbrot-fritz-und-felix-2","status":"publish","type":"product","link":"https:\/\/plauserspeckladele.it\/?product=sesam-schuettelbrot-fritz-und-felix-2&lang=it","title":{"rendered":"Sch\u00fcttelbrot con sesamo (Fritz und Felix)"},"content":{"rendered":"","protected":false},"excerpt":{"rendered":"<p><span style=\"line-height: 115%; font-family: 'Bookman Old Style',serif; font-size: 12pt;\"><span style=\"color: #000000;\">Lo Sch\u00fcttelbrot di sesamo contiene, tra l&#8217;altro, acidi grassi insaturi, proteine, minerali, vitamina E e vitamine del gruppo B e quindi rende questo Sch\u00fcttelbrot particolarmente digeribile. Il sesamo \u00e8 anche una coltura diffusa e si ritiene che sia una delle piante oleaginose pi\u00f9 antiche del mondo.<\/span><\/span><\/p>\n<p><span style=\"line-height: 115%; font-family: 'Bookman Old Style',serif; font-size: 12pt;\"><span style=\"color: #000000;\">Elenco degli ingredienti: farina di segale (72%), farina di frumento, sesamo (10%), lievito, sale, estratto di malto d&#8217;orzo, spezie, farina d&#8217;orzo, estratto naturale di oliva.<\/span><\/span><\/p>\n","protected":false},"featured_media":595,"comment_status":"closed","ping_status":"closed","template":"","meta":[],"product_brand":[],"product_cat":[44],"product_tag":[],"class_list":{"0":"post-2206","1":"product","2":"type-product","3":"status-publish","4":"has-post-thumbnail","6":"product_cat-pane-e-cereali","8":"first","9":"instock","10":"taxable","11":"shipping-taxable","12":"purchasable","13":"product-type-simple"},"_links":{"self":[{"href":"https:\/\/plauserspeckladele.it\/index.php?rest_route=\/wp\/v2\/product\/2206","targetHints":{"allow":["GET"]}}],"collection":[{"href":"https:\/\/plauserspeckladele.it\/index.php?rest_route=\/wp\/v2\/product"}],"about":[{"href":"https:\/\/plauserspeckladele.it\/index.php?rest_route=\/wp\/v2\/types\/product"}],"replies":[{"embeddable":true,"href":"https:\/\/plauserspeckladele.it\/index.php?rest_route=%2Fwp%2Fv2%2Fcomments&post=2206"}],"wp:featuredmedia":[{"embeddable":true,"href":"https:\/\/plauserspeckladele.it\/index.php?rest_route=\/wp\/v2\/media\/595"}],"wp:attachment":[{"href":"https:\/\/plauserspeckladele.it\/index.php?rest_route=%2Fwp%2Fv2%2Fmedia&parent=2206"}],"wp:term":[{"taxonomy":"product_brand","embeddable":true,"href":"https:\/\/plauserspeckladele.it\/index.php?rest_route=%2Fwp%2Fv2%2Fproduct_brand&post=2206"},{"taxonomy":"product_cat","embeddable":true,"href":"https:\/\/plauserspeckladele.it\/index.php?rest_route=%2Fwp%2Fv2%2Fproduct_cat&post=2206"},{"taxonomy":"product_tag","embeddable":true,"href":"https:\/\/plauserspeckladele.it\/index.php?rest_route=%2Fwp%2Fv2%2Fproduct_tag&post=2206"}],"curies":[{"name":"wp","href":"https:\/\/api.w.org\/{rel}","templated":true}]}}