{"id":2331,"date":"2020-12-08T16:58:47","date_gmt":"2021-04-16T15:15:02","guid":{"rendered":"https:\/\/plauserspeckladele.it\/produkt\/schuettelbrot-di-pane-croccante-di-pizza-del-contadino\/"},"modified":"2021-04-16T17:15:07","modified_gmt":"2021-04-16T15:15:07","slug":"pizzaknusperschuettelbrot-vom-bauernhof","status":"publish","type":"product","link":"https:\/\/plauserspeckladele.it\/?product=pizzaknusperschuettelbrot-vom-bauernhof&lang=it","title":{"rendered":"Sch\u00fcttelbrot di pane croccante di pizza del Contadino"},"content":{"rendered":"","protected":false},"excerpt":{"rendered":"<p>La lavorazione delicata, il lungo riposo dell&#8217;impasto e il tempo di cottura prolungato creano il gusto unico dello Sch\u00fcttelbrot. Con tanto amore e tempo, questo prodotto tradizionale \u00e8 ancora realizzato a mano in un piccolo panificio artiginalae. Lo Sch\u00fcttelbrot di pane croccante di pizza \u00e8 una miscela di acqua, farina di segale,<\/p>\n<p>lievito, trifoglio di pane (fieno greco ceruleo, erba gitana), salsa di pomodoro, origano e sale.<\/p>\n","protected":false},"featured_media":712,"comment_status":"closed","ping_status":"closed","template":"","meta":[],"product_brand":[],"product_cat":[44],"product_tag":[],"class_list":{"0":"post-2331","1":"product","2":"type-product","3":"status-publish","4":"has-post-thumbnail","6":"product_cat-pane-e-cereali","8":"first","9":"outofstock","10":"taxable","11":"shipping-taxable","12":"purchasable","13":"product-type-simple"},"_links":{"self":[{"href":"https:\/\/plauserspeckladele.it\/index.php?rest_route=\/wp\/v2\/product\/2331","targetHints":{"allow":["GET"]}}],"collection":[{"href":"https:\/\/plauserspeckladele.it\/index.php?rest_route=\/wp\/v2\/product"}],"about":[{"href":"https:\/\/plauserspeckladele.it\/index.php?rest_route=\/wp\/v2\/types\/product"}],"replies":[{"embeddable":true,"href":"https:\/\/plauserspeckladele.it\/index.php?rest_route=%2Fwp%2Fv2%2Fcomments&post=2331"}],"wp:featuredmedia":[{"embeddable":true,"href":"https:\/\/plauserspeckladele.it\/index.php?rest_route=\/wp\/v2\/media\/712"}],"wp:attachment":[{"href":"https:\/\/plauserspeckladele.it\/index.php?rest_route=%2Fwp%2Fv2%2Fmedia&parent=2331"}],"wp:term":[{"taxonomy":"product_brand","embeddable":true,"href":"https:\/\/plauserspeckladele.it\/index.php?rest_route=%2Fwp%2Fv2%2Fproduct_brand&post=2331"},{"taxonomy":"product_cat","embeddable":true,"href":"https:\/\/plauserspeckladele.it\/index.php?rest_route=%2Fwp%2Fv2%2Fproduct_cat&post=2331"},{"taxonomy":"product_tag","embeddable":true,"href":"https:\/\/plauserspeckladele.it\/index.php?rest_route=%2Fwp%2Fv2%2Fproduct_tag&post=2331"}],"curies":[{"name":"wp","href":"https:\/\/api.w.org\/{rel}","templated":true}]}}