{"id":3353,"date":"2023-03-01T11:07:11","date_gmt":"2023-03-01T10:07:11","guid":{"rendered":"https:\/\/plauserspeckladele.it\/?post_type=product&#038;p=3353"},"modified":"2025-05-21T16:34:59","modified_gmt":"2025-05-21T14:34:59","slug":"salami-mit-brotkleemantel","status":"publish","type":"product","link":"https:\/\/plauserspeckladele.it\/?product=salami-mit-brotkleemantel","title":{"rendered":"Salami mit Brotkleemantel"},"content":{"rendered":"","protected":false},"excerpt":{"rendered":"<p>Diese Salami im zarten Brotkleemantel besteht aus Schweinefleisch und einheimischem Rindfleisch. Sie ist mild im Geschmack und mit feinsten Brotkleeumh\u00fcllt. Der Brotklee wird auch beim Vinschgauer Paarlbrot und beim Sch\u00fcttelbrot als Gew\u00fcrz verwendet.<\/p>\n<p>Zutaten: Schweinefleisch (124 g pro 100 g); Rindfleisch (17 g pro 100 g); R\u00fcckenspeck; P\u00f6kelsalz; Konservierungsstoffe: Natriumnitrit, Kaliumnitrat.<\/p>\n<p>\u2713 Glutamatfrei<\/p>\n<p>\u2713 Laktosefrei<\/p>\n<p>\u2713 Allergenfrei<\/p>\n<p>\u2713 Glutenfrei<\/p>\n","protected":false},"featured_media":3354,"comment_status":"closed","ping_status":"closed","template":"","meta":[],"product_brand":[],"product_cat":[32],"product_tag":[],"class_list":{"0":"post-3353","1":"product","2":"type-product","3":"status-publish","4":"has-post-thumbnail","6":"product_cat-salami-wurst","8":"first","9":"instock","10":"taxable","11":"shipping-taxable","12":"purchasable","13":"product-type-simple"},"_links":{"self":[{"href":"https:\/\/plauserspeckladele.it\/index.php?rest_route=\/wp\/v2\/product\/3353","targetHints":{"allow":["GET"]}}],"collection":[{"href":"https:\/\/plauserspeckladele.it\/index.php?rest_route=\/wp\/v2\/product"}],"about":[{"href":"https:\/\/plauserspeckladele.it\/index.php?rest_route=\/wp\/v2\/types\/product"}],"replies":[{"embeddable":true,"href":"https:\/\/plauserspeckladele.it\/index.php?rest_route=%2Fwp%2Fv2%2Fcomments&post=3353"}],"wp:featuredmedia":[{"embeddable":true,"href":"https:\/\/plauserspeckladele.it\/index.php?rest_route=\/wp\/v2\/media\/3354"}],"wp:attachment":[{"href":"https:\/\/plauserspeckladele.it\/index.php?rest_route=%2Fwp%2Fv2%2Fmedia&parent=3353"}],"wp:term":[{"taxonomy":"product_brand","embeddable":true,"href":"https:\/\/plauserspeckladele.it\/index.php?rest_route=%2Fwp%2Fv2%2Fproduct_brand&post=3353"},{"taxonomy":"product_cat","embeddable":true,"href":"https:\/\/plauserspeckladele.it\/index.php?rest_route=%2Fwp%2Fv2%2Fproduct_cat&post=3353"},{"taxonomy":"product_tag","embeddable":true,"href":"https:\/\/plauserspeckladele.it\/index.php?rest_route=%2Fwp%2Fv2%2Fproduct_tag&post=3353"}],"curies":[{"name":"wp","href":"https:\/\/api.w.org\/{rel}","templated":true}]}}