{"id":3359,"date":"2023-03-01T11:44:08","date_gmt":"2023-03-01T10:44:08","guid":{"rendered":"https:\/\/plauserspeckladele.it\/?post_type=product&#038;p=3359"},"modified":"2025-05-21T16:33:16","modified_gmt":"2025-05-21T14:33:16","slug":"salami-mit-grana-padano-g-u","status":"publish","type":"product","link":"https:\/\/plauserspeckladele.it\/?product=salami-mit-grana-padano-g-u","title":{"rendered":"Salami mit Hartk\u00e4se"},"content":{"rendered":"","protected":false},"excerpt":{"rendered":"<p>Diese Salami aus saftigem Schweinefleisch, verfeinert mit heimischem Rindfleisch und Hartk\u00e4se verfeinert.<\/p>\n<p>Zutaten: Schweinefleisch (107 g pro 100 g); Rindfleisch (17 g pro 100 g); R\u00fcckenspeck; P\u00f6kelsalz; Gew\u00fcrze; Dextrose; Antioxidationsmittel: Natriumascorbat; Saccharose; Glukosesirup; Knoblauch; Rote-Beete-Pulver; Paprikaextrakt; Starterkulturen; Konservierungsstoffe: Natriumnitrit, Kaliumnitrat.<\/p>\n<p>\u2713 Glutamatfrei<\/p>\n<p>\u2713 Laktosefrei<\/p>\n<p>\u2713 Allergenfrei<\/p>\n<p>\u2713 Glutenfrei<\/p>\n","protected":false},"featured_media":713,"comment_status":"closed","ping_status":"closed","template":"","meta":[],"product_brand":[],"product_cat":[16],"product_tag":[],"class_list":{"0":"post-3359","1":"product","2":"type-product","3":"status-publish","4":"has-post-thumbnail","6":"product_cat-unkategorisiert","8":"first","9":"instock","10":"taxable","11":"shipping-taxable","12":"purchasable","13":"product-type-simple"},"_links":{"self":[{"href":"https:\/\/plauserspeckladele.it\/index.php?rest_route=\/wp\/v2\/product\/3359","targetHints":{"allow":["GET"]}}],"collection":[{"href":"https:\/\/plauserspeckladele.it\/index.php?rest_route=\/wp\/v2\/product"}],"about":[{"href":"https:\/\/plauserspeckladele.it\/index.php?rest_route=\/wp\/v2\/types\/product"}],"replies":[{"embeddable":true,"href":"https:\/\/plauserspeckladele.it\/index.php?rest_route=%2Fwp%2Fv2%2Fcomments&post=3359"}],"wp:featuredmedia":[{"embeddable":true,"href":"https:\/\/plauserspeckladele.it\/index.php?rest_route=\/wp\/v2\/media\/713"}],"wp:attachment":[{"href":"https:\/\/plauserspeckladele.it\/index.php?rest_route=%2Fwp%2Fv2%2Fmedia&parent=3359"}],"wp:term":[{"taxonomy":"product_brand","embeddable":true,"href":"https:\/\/plauserspeckladele.it\/index.php?rest_route=%2Fwp%2Fv2%2Fproduct_brand&post=3359"},{"taxonomy":"product_cat","embeddable":true,"href":"https:\/\/plauserspeckladele.it\/index.php?rest_route=%2Fwp%2Fv2%2Fproduct_cat&post=3359"},{"taxonomy":"product_tag","embeddable":true,"href":"https:\/\/plauserspeckladele.it\/index.php?rest_route=%2Fwp%2Fv2%2Fproduct_tag&post=3359"}],"curies":[{"name":"wp","href":"https:\/\/api.w.org\/{rel}","templated":true}]}}