{"id":3363,"date":"2023-03-01T12:04:27","date_gmt":"2023-03-01T11:04:27","guid":{"rendered":"https:\/\/plauserspeckladele.it\/?post_type=product&#038;p=3363"},"modified":"2025-05-21T16:30:35","modified_gmt":"2025-05-21T14:30:35","slug":"salami-mit-hirsch-walsnuss","status":"publish","type":"product","link":"https:\/\/plauserspeckladele.it\/?product=salami-mit-hirsch-walsnuss","title":{"rendered":"Salami mit Hirsch &#038; Walsnuss"},"content":{"rendered":"","protected":false},"excerpt":{"rendered":"<p>Die Salamiwurst aus zartem Schweinefleisch und heimischem Hirsch- und Rindfleisch, mit edlen Gew\u00fcrzen und Walnuss zur schmackhaften Jause verfeinert. Schmeckt mild nach Wild.<\/p>\n<p><strong>Zutaten:<\/strong> Schweinefleisch&gt;Herkunft: EU&lt; (77g\/100g Endprodukt); Hirschfleisch (39g\/100g Endprodukt); Rindfleisch (39g\/100g Endprodukt); P\u00f6kelsalz; Dextrose; Gew\u00fcrze; WALN\u00dcSSE Antioxidationsmittel: Natriumascorbat; Gr\u00fcnteeextrakt; Starterkulturen; Konservierungsstoff: Natriumnitrit, Kaliumnitrat<\/p>\n<p><strong>Lagerung<\/strong>: K\u00fchl lagern, nicht der Sonne aussetzen<\/p>\n<p>&nbsp;<\/p>\n<p>\u2713 Glutamatfrei<\/p>\n<p>\u2713 Laktosefrei<\/p>\n<p>\u2713 Glutenfrei<\/p>\n","protected":false},"featured_media":708,"comment_status":"closed","ping_status":"closed","template":"","meta":[],"product_brand":[],"product_cat":[32],"product_tag":[],"class_list":{"0":"post-3363","1":"product","2":"type-product","3":"status-publish","4":"has-post-thumbnail","6":"product_cat-salami-wurst","8":"first","9":"instock","10":"taxable","11":"shipping-taxable","12":"purchasable","13":"product-type-simple"},"_links":{"self":[{"href":"https:\/\/plauserspeckladele.it\/index.php?rest_route=\/wp\/v2\/product\/3363","targetHints":{"allow":["GET"]}}],"collection":[{"href":"https:\/\/plauserspeckladele.it\/index.php?rest_route=\/wp\/v2\/product"}],"about":[{"href":"https:\/\/plauserspeckladele.it\/index.php?rest_route=\/wp\/v2\/types\/product"}],"replies":[{"embeddable":true,"href":"https:\/\/plauserspeckladele.it\/index.php?rest_route=%2Fwp%2Fv2%2Fcomments&post=3363"}],"wp:featuredmedia":[{"embeddable":true,"href":"https:\/\/plauserspeckladele.it\/index.php?rest_route=\/wp\/v2\/media\/708"}],"wp:attachment":[{"href":"https:\/\/plauserspeckladele.it\/index.php?rest_route=%2Fwp%2Fv2%2Fmedia&parent=3363"}],"wp:term":[{"taxonomy":"product_brand","embeddable":true,"href":"https:\/\/plauserspeckladele.it\/index.php?rest_route=%2Fwp%2Fv2%2Fproduct_brand&post=3363"},{"taxonomy":"product_cat","embeddable":true,"href":"https:\/\/plauserspeckladele.it\/index.php?rest_route=%2Fwp%2Fv2%2Fproduct_cat&post=3363"},{"taxonomy":"product_tag","embeddable":true,"href":"https:\/\/plauserspeckladele.it\/index.php?rest_route=%2Fwp%2Fv2%2Fproduct_tag&post=3363"}],"curies":[{"name":"wp","href":"https:\/\/api.w.org\/{rel}","templated":true}]}}