{"id":3364,"date":"2023-03-01T15:36:02","date_gmt":"2023-03-01T14:36:02","guid":{"rendered":"https:\/\/plauserspeckladele.it\/?post_type=product&#038;p=3364"},"modified":"2025-05-21T16:29:45","modified_gmt":"2025-05-21T14:29:45","slug":"salami-mit-reh-oliven","status":"publish","type":"product","link":"https:\/\/plauserspeckladele.it\/?product=salami-mit-reh-oliven","title":{"rendered":"Salami mit Reh &#038; Oliven"},"content":{"rendered":"","protected":false},"excerpt":{"rendered":"<p>Diese Salami besteht aus zartem Schweinefleisch, gemischt mit Reh- und Rindfleisch. Verfeinert wird sie mit edlen Gew\u00fcrzen und Oliven.<\/p>\n<p>Zutaten: Schweinefleisch (63 g pro 100 g); Rehfleisch (39 g pro 100 g); Rindfleisch (39 g pro 100 g); P\u00f6kelsalz; Dextrose; Gew\u00fcrze; Oliven, Antioxidationsmittel: Natriumascorbat; Gr\u00fcntee-Extrakt; Oregano; Starterkulturen; Konservierungsstoffe: Natriumnitrit, Kaliumnitrat.<\/p>\n<p>\u2713 Glutamatfrei<\/p>\n<p>\u2713 Laktosefrei<\/p>\n<p>\u2713 Allergenfrei<\/p>\n<p>\u2713 Glutenfrei<\/p>\n","protected":false},"featured_media":713,"comment_status":"closed","ping_status":"closed","template":"","meta":[],"product_brand":[],"product_cat":[32],"product_tag":[],"class_list":{"0":"post-3364","1":"product","2":"type-product","3":"status-publish","4":"has-post-thumbnail","6":"product_cat-salami-wurst","8":"first","9":"instock","10":"taxable","11":"shipping-taxable","12":"purchasable","13":"product-type-simple"},"_links":{"self":[{"href":"https:\/\/plauserspeckladele.it\/index.php?rest_route=\/wp\/v2\/product\/3364","targetHints":{"allow":["GET"]}}],"collection":[{"href":"https:\/\/plauserspeckladele.it\/index.php?rest_route=\/wp\/v2\/product"}],"about":[{"href":"https:\/\/plauserspeckladele.it\/index.php?rest_route=\/wp\/v2\/types\/product"}],"replies":[{"embeddable":true,"href":"https:\/\/plauserspeckladele.it\/index.php?rest_route=%2Fwp%2Fv2%2Fcomments&post=3364"}],"wp:featuredmedia":[{"embeddable":true,"href":"https:\/\/plauserspeckladele.it\/index.php?rest_route=\/wp\/v2\/media\/713"}],"wp:attachment":[{"href":"https:\/\/plauserspeckladele.it\/index.php?rest_route=%2Fwp%2Fv2%2Fmedia&parent=3364"}],"wp:term":[{"taxonomy":"product_brand","embeddable":true,"href":"https:\/\/plauserspeckladele.it\/index.php?rest_route=%2Fwp%2Fv2%2Fproduct_brand&post=3364"},{"taxonomy":"product_cat","embeddable":true,"href":"https:\/\/plauserspeckladele.it\/index.php?rest_route=%2Fwp%2Fv2%2Fproduct_cat&post=3364"},{"taxonomy":"product_tag","embeddable":true,"href":"https:\/\/plauserspeckladele.it\/index.php?rest_route=%2Fwp%2Fv2%2Fproduct_tag&post=3364"}],"curies":[{"name":"wp","href":"https:\/\/api.w.org\/{rel}","templated":true}]}}