{"id":3365,"date":"2023-03-01T15:44:19","date_gmt":"2023-03-01T14:44:19","guid":{"rendered":"https:\/\/plauserspeckladele.it\/?post_type=product&#038;p=3365"},"modified":"2025-05-21T16:27:25","modified_gmt":"2025-05-21T14:27:25","slug":"salami-mit-walnuss-pistazie","status":"publish","type":"product","link":"https:\/\/plauserspeckladele.it\/?product=salami-mit-walnuss-pistazie","title":{"rendered":"Salami mit Walnuss &#038; Pistazie"},"content":{"rendered":"","protected":false},"excerpt":{"rendered":"<p>Diese Salami aus Schweinefleisch und einheimischem Rindfleisch ist mit Walnuss und Pistazie verfeinert. Schmeckt einzigartig nussig.<\/p>\n<p>Zutaten: Schweinefleisch (103 g pro 100 g); Rindfleisch (17 g pro 100 g); R\u00fcckenspeck; WALN\u00dcSSE; Pistazie; P\u00f6kelsalz; Gew\u00fcrze; Dextrose; Antioxidationsmittel: Natriumascorbat; Saccharose; Glukosesirup; Rote-Beete-Pulver; Paprikaextrakt; Knoblauch; Starterkulturen; Konservierungsstoffe: Natriumnitrit, Kaliumnitrat.<\/p>\n<p>&nbsp;<\/p>\n<p>\u2713 Glutamatfrei<\/p>\n<p>\u2713 Laktosefrei<\/p>\n<p>\u2713 Glutenfrei<\/p>\n","protected":false},"featured_media":708,"comment_status":"closed","ping_status":"closed","template":"","meta":[],"product_brand":[],"product_cat":[32],"product_tag":[],"class_list":{"0":"post-3365","1":"product","2":"type-product","3":"status-publish","4":"has-post-thumbnail","6":"product_cat-salami-wurst","8":"first","9":"instock","10":"taxable","11":"shipping-taxable","12":"purchasable","13":"product-type-simple"},"_links":{"self":[{"href":"https:\/\/plauserspeckladele.it\/index.php?rest_route=\/wp\/v2\/product\/3365","targetHints":{"allow":["GET"]}}],"collection":[{"href":"https:\/\/plauserspeckladele.it\/index.php?rest_route=\/wp\/v2\/product"}],"about":[{"href":"https:\/\/plauserspeckladele.it\/index.php?rest_route=\/wp\/v2\/types\/product"}],"replies":[{"embeddable":true,"href":"https:\/\/plauserspeckladele.it\/index.php?rest_route=%2Fwp%2Fv2%2Fcomments&post=3365"}],"wp:featuredmedia":[{"embeddable":true,"href":"https:\/\/plauserspeckladele.it\/index.php?rest_route=\/wp\/v2\/media\/708"}],"wp:attachment":[{"href":"https:\/\/plauserspeckladele.it\/index.php?rest_route=%2Fwp%2Fv2%2Fmedia&parent=3365"}],"wp:term":[{"taxonomy":"product_brand","embeddable":true,"href":"https:\/\/plauserspeckladele.it\/index.php?rest_route=%2Fwp%2Fv2%2Fproduct_brand&post=3365"},{"taxonomy":"product_cat","embeddable":true,"href":"https:\/\/plauserspeckladele.it\/index.php?rest_route=%2Fwp%2Fv2%2Fproduct_cat&post=3365"},{"taxonomy":"product_tag","embeddable":true,"href":"https:\/\/plauserspeckladele.it\/index.php?rest_route=%2Fwp%2Fv2%2Fproduct_tag&post=3365"}],"curies":[{"name":"wp","href":"https:\/\/api.w.org\/{rel}","templated":true}]}}