{"id":3366,"date":"2023-03-01T16:54:00","date_gmt":"2023-03-01T15:54:00","guid":{"rendered":"https:\/\/plauserspeckladele.it\/?post_type=product&#038;p=3366"},"modified":"2026-01-29T15:13:09","modified_gmt":"2026-01-29T14:13:09","slug":"salami-mit-mufflon","status":"publish","type":"product","link":"https:\/\/plauserspeckladele.it\/?product=salami-mit-mufflon","title":{"rendered":"Salami mit Mufflon"},"content":{"rendered":"","protected":false},"excerpt":{"rendered":"<p>Diese Salami besteht aus zartem Schweinefleisch, gemischt mit Mufflon- und Rindfleisch. Verfeinert wird sie mit edlen Gew\u00fcrzen.<\/p>\n<p>Zutaten: Schweinefleisch (61 g pro 100 g); Rehfleisch (39 g pro 100 g); Rindfleisch (39 g pro 100 g) Mufflon (39g\/100g) ; P\u00f6kelsalz; Dextrose; Gew\u00fcrze; Antioxidationsmittel: Natriumascorbat; Gr\u00fcntee-Extrakt; Oregano; Starterkulturen; Konservierungsstoffe: Natriumnitrit, Kaliumnitrat.<\/p>\n<p>\u2713 Glutamatfrei<\/p>\n<p>\u2713 Laktosefrei<\/p>\n<p>\u2713 Allergenfrei<\/p>\n<p>\u2713 Glutenfrei<\/p>\n","protected":false},"featured_media":678,"comment_status":"closed","ping_status":"closed","template":"","meta":[],"product_brand":[],"product_cat":[32],"product_tag":[],"class_list":{"0":"post-3366","1":"product","2":"type-product","3":"status-publish","4":"has-post-thumbnail","6":"product_cat-salami-wurst","8":"first","9":"instock","10":"taxable","11":"shipping-taxable","12":"purchasable","13":"product-type-simple"},"_links":{"self":[{"href":"https:\/\/plauserspeckladele.it\/index.php?rest_route=\/wp\/v2\/product\/3366","targetHints":{"allow":["GET"]}}],"collection":[{"href":"https:\/\/plauserspeckladele.it\/index.php?rest_route=\/wp\/v2\/product"}],"about":[{"href":"https:\/\/plauserspeckladele.it\/index.php?rest_route=\/wp\/v2\/types\/product"}],"replies":[{"embeddable":true,"href":"https:\/\/plauserspeckladele.it\/index.php?rest_route=%2Fwp%2Fv2%2Fcomments&post=3366"}],"wp:featuredmedia":[{"embeddable":true,"href":"https:\/\/plauserspeckladele.it\/index.php?rest_route=\/wp\/v2\/media\/678"}],"wp:attachment":[{"href":"https:\/\/plauserspeckladele.it\/index.php?rest_route=%2Fwp%2Fv2%2Fmedia&parent=3366"}],"wp:term":[{"taxonomy":"product_brand","embeddable":true,"href":"https:\/\/plauserspeckladele.it\/index.php?rest_route=%2Fwp%2Fv2%2Fproduct_brand&post=3366"},{"taxonomy":"product_cat","embeddable":true,"href":"https:\/\/plauserspeckladele.it\/index.php?rest_route=%2Fwp%2Fv2%2Fproduct_cat&post=3366"},{"taxonomy":"product_tag","embeddable":true,"href":"https:\/\/plauserspeckladele.it\/index.php?rest_route=%2Fwp%2Fv2%2Fproduct_tag&post=3366"}],"curies":[{"name":"wp","href":"https:\/\/api.w.org\/{rel}","templated":true}]}}