{"id":4681,"date":"2025-08-28T09:54:32","date_gmt":"2025-08-28T07:54:32","guid":{"rendered":"https:\/\/plauserspeckladele.it\/?post_type=product&#038;p=4681"},"modified":"2025-08-28T09:54:33","modified_gmt":"2025-08-28T07:54:33","slug":"olivenoel-solo-casaliva-025l","status":"publish","type":"product","link":"https:\/\/plauserspeckladele.it\/?product=olivenoel-solo-casaliva-025l","title":{"rendered":"Oliven\u00f6l Solo Casaliva 0,25l"},"content":{"rendered":"<p>Das Oliven\u00f6l Solo Casaliva wird nur von einer Olivensorte gepresst. Diese Olivensorte gibt es nur am Gardasee.<\/p>\n<p>Dieses Oliven\u00f6l ist sehr kr\u00e4ftig und ideal auf dem Tisch zu stellen mit etwas Brot, Carpaccio zu machen, Bruschetta oder zum verfeinern der Gerichte.<\/p>\n<p>Im Duft frisch, mit pflanzlichen Noten. Zart mit klar erkennbaren Nuancen von Artischockenherz und gr\u00fcner Apfel, in perfekter Harmonie. Am Gaumen elegant, mit ausgepr\u00e4gten Ankl\u00e4ngen von Artischockenherz, harmonisch und reich an s\u00fc\u00dfen Noten. Optisch zeigt es sich leuchtend gr\u00fcn.<\/p>\n<p>&nbsp;<\/p>\n","protected":false},"excerpt":{"rendered":"<p>Das Oliven\u00f6l Solo Casaliva wird nur von einer Olivensorte gepresst. Diese Olivensorte gibt es nur am Gardasee.<\/p>\n<p>Dieses Oliven\u00f6l ist sehr kr\u00e4ftig und ideal auf dem Tisch zu stellen mit etwas Brot, Carpaccio zu machen, Bruschetta oder zum verfeinern der Gerichte.<\/p>\n","protected":false},"featured_media":4683,"comment_status":"closed","ping_status":"closed","template":"","meta":[],"product_brand":[],"product_cat":[34],"product_tag":[],"class_list":{"0":"post-4681","1":"product","2":"type-product","3":"status-publish","4":"has-post-thumbnail","6":"product_cat-olivenoel-und-essig","8":"first","9":"instock","10":"taxable","11":"shipping-taxable","12":"purchasable","13":"product-type-simple"},"_links":{"self":[{"href":"https:\/\/plauserspeckladele.it\/index.php?rest_route=\/wp\/v2\/product\/4681","targetHints":{"allow":["GET"]}}],"collection":[{"href":"https:\/\/plauserspeckladele.it\/index.php?rest_route=\/wp\/v2\/product"}],"about":[{"href":"https:\/\/plauserspeckladele.it\/index.php?rest_route=\/wp\/v2\/types\/product"}],"replies":[{"embeddable":true,"href":"https:\/\/plauserspeckladele.it\/index.php?rest_route=%2Fwp%2Fv2%2Fcomments&post=4681"}],"wp:featuredmedia":[{"embeddable":true,"href":"https:\/\/plauserspeckladele.it\/index.php?rest_route=\/wp\/v2\/media\/4683"}],"wp:attachment":[{"href":"https:\/\/plauserspeckladele.it\/index.php?rest_route=%2Fwp%2Fv2%2Fmedia&parent=4681"}],"wp:term":[{"taxonomy":"product_brand","embeddable":true,"href":"https:\/\/plauserspeckladele.it\/index.php?rest_route=%2Fwp%2Fv2%2Fproduct_brand&post=4681"},{"taxonomy":"product_cat","embeddable":true,"href":"https:\/\/plauserspeckladele.it\/index.php?rest_route=%2Fwp%2Fv2%2Fproduct_cat&post=4681"},{"taxonomy":"product_tag","embeddable":true,"href":"https:\/\/plauserspeckladele.it\/index.php?rest_route=%2Fwp%2Fv2%2Fproduct_tag&post=4681"}],"curies":[{"name":"wp","href":"https:\/\/api.w.org\/{rel}","templated":true}]}}