{"id":4687,"date":"2025-08-28T10:17:02","date_gmt":"2025-08-28T08:17:02","guid":{"rendered":"https:\/\/plauserspeckladele.it\/?post_type=product&#038;p=4687"},"modified":"2025-08-28T10:17:04","modified_gmt":"2025-08-28T08:17:04","slug":"olivenoel-mit-basilikum-025l","status":"publish","type":"product","link":"https:\/\/plauserspeckladele.it\/?product=olivenoel-mit-basilikum-025l","title":{"rendered":"Oliven\u00f6l mit Basilikum 0,25l"},"content":{"rendered":"<p>Das Oliven\u00f6l mit Basilikum eignent sich wunderbar f\u00fcr Tomaten-Mozzarella, Bruschetta oder Pasta-gerichte.<\/p>\n","protected":false},"excerpt":{"rendered":"<p>Das Oliven\u00f6l mit Basilikum eignent sich wunderbar f\u00fcr Tomaten-Mozzarella, Bruschetta oder Pasta-gerichte.<\/p>\n","protected":false},"featured_media":4656,"comment_status":"closed","ping_status":"closed","template":"","meta":[],"product_brand":[],"product_cat":[34],"product_tag":[],"class_list":{"0":"post-4687","1":"product","2":"type-product","3":"status-publish","4":"has-post-thumbnail","6":"product_cat-olivenoel-und-essig","8":"first","9":"instock","10":"taxable","11":"shipping-taxable","12":"purchasable","13":"product-type-simple"},"_links":{"self":[{"href":"https:\/\/plauserspeckladele.it\/index.php?rest_route=\/wp\/v2\/product\/4687","targetHints":{"allow":["GET"]}}],"collection":[{"href":"https:\/\/plauserspeckladele.it\/index.php?rest_route=\/wp\/v2\/product"}],"about":[{"href":"https:\/\/plauserspeckladele.it\/index.php?rest_route=\/wp\/v2\/types\/product"}],"replies":[{"embeddable":true,"href":"https:\/\/plauserspeckladele.it\/index.php?rest_route=%2Fwp%2Fv2%2Fcomments&post=4687"}],"wp:featuredmedia":[{"embeddable":true,"href":"https:\/\/plauserspeckladele.it\/index.php?rest_route=\/wp\/v2\/media\/4656"}],"wp:attachment":[{"href":"https:\/\/plauserspeckladele.it\/index.php?rest_route=%2Fwp%2Fv2%2Fmedia&parent=4687"}],"wp:term":[{"taxonomy":"product_brand","embeddable":true,"href":"https:\/\/plauserspeckladele.it\/index.php?rest_route=%2Fwp%2Fv2%2Fproduct_brand&post=4687"},{"taxonomy":"product_cat","embeddable":true,"href":"https:\/\/plauserspeckladele.it\/index.php?rest_route=%2Fwp%2Fv2%2Fproduct_cat&post=4687"},{"taxonomy":"product_tag","embeddable":true,"href":"https:\/\/plauserspeckladele.it\/index.php?rest_route=%2Fwp%2Fv2%2Fproduct_tag&post=4687"}],"curies":[{"name":"wp","href":"https:\/\/api.w.org\/{rel}","templated":true}]}}