{"id":4699,"date":"2025-08-28T11:32:54","date_gmt":"2025-08-28T09:32:54","guid":{"rendered":"https:\/\/plauserspeckladele.it\/?post_type=product&#038;p=4699"},"modified":"2025-08-28T11:33:45","modified_gmt":"2025-08-28T09:33:45","slug":"condimento-bianco-weisser-balsamico-05l","status":"publish","type":"product","link":"https:\/\/plauserspeckladele.it\/?product=condimento-bianco-weisser-balsamico-05l","title":{"rendered":"Condimento Bianco Wei\u00dfer Balsamico 0,5l"},"content":{"rendered":"<p>Der Wei\u00dfe Balsamico eignet sich wunderbar f\u00fcr Salatdressings und zum verfeinern der Gerichte. Eignet sich auch besonders gut f\u00fcr (Mozzarella-Tomaten, Carpaccio, Bruschetta, Fleisch-Fischgerichte zum verfeinern.)<\/p>\n","protected":false},"excerpt":{"rendered":"<p>Der Wei\u00dfe Balsamico eignet sich wunderbar f\u00fcr Salatdressings und zum verfeinern der Gerichte. Eignet sich auch besonders gut f\u00fcr (Mozzarella-Tomaten, Carpaccio, Bruschetta, Fleisch-Fischgerichte zum verfeinern.)<\/p>\n","protected":false},"featured_media":4693,"comment_status":"closed","ping_status":"closed","template":"","meta":[],"product_brand":[],"product_cat":[34],"product_tag":[],"class_list":{"0":"post-4699","1":"product","2":"type-product","3":"status-publish","4":"has-post-thumbnail","6":"product_cat-olivenoel-und-essig","8":"first","9":"instock","10":"taxable","11":"shipping-taxable","12":"purchasable","13":"product-type-simple"},"_links":{"self":[{"href":"https:\/\/plauserspeckladele.it\/index.php?rest_route=\/wp\/v2\/product\/4699","targetHints":{"allow":["GET"]}}],"collection":[{"href":"https:\/\/plauserspeckladele.it\/index.php?rest_route=\/wp\/v2\/product"}],"about":[{"href":"https:\/\/plauserspeckladele.it\/index.php?rest_route=\/wp\/v2\/types\/product"}],"replies":[{"embeddable":true,"href":"https:\/\/plauserspeckladele.it\/index.php?rest_route=%2Fwp%2Fv2%2Fcomments&post=4699"}],"wp:featuredmedia":[{"embeddable":true,"href":"https:\/\/plauserspeckladele.it\/index.php?rest_route=\/wp\/v2\/media\/4693"}],"wp:attachment":[{"href":"https:\/\/plauserspeckladele.it\/index.php?rest_route=%2Fwp%2Fv2%2Fmedia&parent=4699"}],"wp:term":[{"taxonomy":"product_brand","embeddable":true,"href":"https:\/\/plauserspeckladele.it\/index.php?rest_route=%2Fwp%2Fv2%2Fproduct_brand&post=4699"},{"taxonomy":"product_cat","embeddable":true,"href":"https:\/\/plauserspeckladele.it\/index.php?rest_route=%2Fwp%2Fv2%2Fproduct_cat&post=4699"},{"taxonomy":"product_tag","embeddable":true,"href":"https:\/\/plauserspeckladele.it\/index.php?rest_route=%2Fwp%2Fv2%2Fproduct_tag&post=4699"}],"curies":[{"name":"wp","href":"https:\/\/api.w.org\/{rel}","templated":true}]}}