{"id":505,"date":"2020-12-08T12:05:24","date_gmt":"2020-12-08T11:05:24","guid":{"rendered":"https:\/\/plauserspeckladele.it\/?post_type=product&#038;p=505"},"modified":"2023-04-25T09:53:21","modified_gmt":"2023-04-25T07:53:21","slug":"alta-badia","status":"publish","type":"product","link":"https:\/\/plauserspeckladele.it\/?product=alta-badia","title":{"rendered":"Alta Badia"},"content":{"rendered":"","protected":false},"excerpt":{"rendered":"<p>Der K\u00e4se wird von einer grifffesten, trockenen, rustikalen Rinde umh\u00fcllt. Der K\u00e4seteig ist sattgelb und weist keine Lochung auf. Die Konsistenz im Gaumen ist kurz, trotzdem geschmeidig und schmelzend. Das Aroma und der Geschmack des K\u00e4ses sind intensiv und sehr komplex und weisen milchige, getoastete Noten auf.<\/p>\n","protected":false},"featured_media":511,"comment_status":"closed","ping_status":"closed","template":"","meta":[],"product_brand":[],"product_cat":[33],"product_tag":[],"class_list":{"0":"post-505","1":"product","2":"type-product","3":"status-publish","4":"has-post-thumbnail","6":"product_cat-kaese","8":"first","9":"instock","10":"taxable","11":"shipping-taxable","12":"purchasable","13":"product-type-variable"},"_links":{"self":[{"href":"https:\/\/plauserspeckladele.it\/index.php?rest_route=\/wp\/v2\/product\/505","targetHints":{"allow":["GET"]}}],"collection":[{"href":"https:\/\/plauserspeckladele.it\/index.php?rest_route=\/wp\/v2\/product"}],"about":[{"href":"https:\/\/plauserspeckladele.it\/index.php?rest_route=\/wp\/v2\/types\/product"}],"replies":[{"embeddable":true,"href":"https:\/\/plauserspeckladele.it\/index.php?rest_route=%2Fwp%2Fv2%2Fcomments&post=505"}],"wp:featuredmedia":[{"embeddable":true,"href":"https:\/\/plauserspeckladele.it\/index.php?rest_route=\/wp\/v2\/media\/511"}],"wp:attachment":[{"href":"https:\/\/plauserspeckladele.it\/index.php?rest_route=%2Fwp%2Fv2%2Fmedia&parent=505"}],"wp:term":[{"taxonomy":"product_brand","embeddable":true,"href":"https:\/\/plauserspeckladele.it\/index.php?rest_route=%2Fwp%2Fv2%2Fproduct_brand&post=505"},{"taxonomy":"product_cat","embeddable":true,"href":"https:\/\/plauserspeckladele.it\/index.php?rest_route=%2Fwp%2Fv2%2Fproduct_cat&post=505"},{"taxonomy":"product_tag","embeddable":true,"href":"https:\/\/plauserspeckladele.it\/index.php?rest_route=%2Fwp%2Fv2%2Fproduct_tag&post=505"}],"curies":[{"name":"wp","href":"https:\/\/api.w.org\/{rel}","templated":true}]}}