{"id":520,"date":"2020-12-08T13:06:31","date_gmt":"2020-12-08T12:06:31","guid":{"rendered":"https:\/\/plauserspeckladele.it\/?post_type=product&#038;p=520"},"modified":"2025-05-21T17:35:33","modified_gmt":"2025-05-21T15:35:33","slug":"almkaese","status":"publish","type":"product","link":"https:\/\/plauserspeckladele.it\/?product=almkaese","title":{"rendered":"Almk\u00e4se"},"content":{"rendered":"","protected":false},"excerpt":{"rendered":"<p>Der Almk\u00e4se ist ein reiner Naturk\u00e4se mit unverf\u00e4lschtem Almgeschmack; er ist mindestens 6 Monate alt. Die Verwendung von frischer Alpenmilch und das aufw\u00e4ndige Naturreifeverfahren machen diesen K\u00e4se zu einem ganz besonderen Genusserlebnis.<\/p>\n","protected":false},"featured_media":523,"comment_status":"closed","ping_status":"closed","template":"","meta":[],"product_brand":[],"product_cat":[33],"product_tag":[],"class_list":{"0":"post-520","1":"product","2":"type-product","3":"status-publish","4":"has-post-thumbnail","6":"product_cat-kaese","8":"first","9":"instock","10":"featured","11":"taxable","12":"shipping-taxable","13":"purchasable","14":"product-type-variable"},"_links":{"self":[{"href":"https:\/\/plauserspeckladele.it\/index.php?rest_route=\/wp\/v2\/product\/520","targetHints":{"allow":["GET"]}}],"collection":[{"href":"https:\/\/plauserspeckladele.it\/index.php?rest_route=\/wp\/v2\/product"}],"about":[{"href":"https:\/\/plauserspeckladele.it\/index.php?rest_route=\/wp\/v2\/types\/product"}],"replies":[{"embeddable":true,"href":"https:\/\/plauserspeckladele.it\/index.php?rest_route=%2Fwp%2Fv2%2Fcomments&post=520"}],"wp:featuredmedia":[{"embeddable":true,"href":"https:\/\/plauserspeckladele.it\/index.php?rest_route=\/wp\/v2\/media\/523"}],"wp:attachment":[{"href":"https:\/\/plauserspeckladele.it\/index.php?rest_route=%2Fwp%2Fv2%2Fmedia&parent=520"}],"wp:term":[{"taxonomy":"product_brand","embeddable":true,"href":"https:\/\/plauserspeckladele.it\/index.php?rest_route=%2Fwp%2Fv2%2Fproduct_brand&post=520"},{"taxonomy":"product_cat","embeddable":true,"href":"https:\/\/plauserspeckladele.it\/index.php?rest_route=%2Fwp%2Fv2%2Fproduct_cat&post=520"},{"taxonomy":"product_tag","embeddable":true,"href":"https:\/\/plauserspeckladele.it\/index.php?rest_route=%2Fwp%2Fv2%2Fproduct_tag&post=520"}],"curies":[{"name":"wp","href":"https:\/\/api.w.org\/{rel}","templated":true}]}}