{"id":556,"date":"2020-12-08T15:19:35","date_gmt":"2020-12-08T14:19:35","guid":{"rendered":"https:\/\/plauserspeckladele.it\/?post_type=product&#038;p=556"},"modified":"2023-03-03T19:51:51","modified_gmt":"2023-03-03T18:51:51","slug":"seitenspeck-ganz","status":"publish","type":"product","link":"https:\/\/plauserspeckladele.it\/?product=seitenspeck-ganz","title":{"rendered":"Seitenspeck ganz"},"content":{"rendered":"","protected":false},"excerpt":{"rendered":"<p>Unser durchzogener Seitenspeck wird mit einer Naturgew\u00fcrzmischung eingelegt und nach altem Bauernrezept verarbeitet. Ausschlaggebend f\u00fcr Geschmack und Aroma sind die mehrmonatige Reifung und die S\u00fcdtiroler Bergluft.<\/p>\n","protected":false},"featured_media":560,"comment_status":"closed","ping_status":"closed","template":"","meta":[],"product_brand":[],"product_cat":[31],"product_tag":[],"class_list":{"0":"post-556","1":"product","2":"type-product","3":"status-publish","4":"has-post-thumbnail","6":"product_cat-speck-veredelte-produkte","8":"first","9":"instock","10":"taxable","11":"shipping-taxable","12":"purchasable","13":"product-type-variable"},"_links":{"self":[{"href":"https:\/\/plauserspeckladele.it\/index.php?rest_route=\/wp\/v2\/product\/556","targetHints":{"allow":["GET"]}}],"collection":[{"href":"https:\/\/plauserspeckladele.it\/index.php?rest_route=\/wp\/v2\/product"}],"about":[{"href":"https:\/\/plauserspeckladele.it\/index.php?rest_route=\/wp\/v2\/types\/product"}],"replies":[{"embeddable":true,"href":"https:\/\/plauserspeckladele.it\/index.php?rest_route=%2Fwp%2Fv2%2Fcomments&post=556"}],"wp:featuredmedia":[{"embeddable":true,"href":"https:\/\/plauserspeckladele.it\/index.php?rest_route=\/wp\/v2\/media\/560"}],"wp:attachment":[{"href":"https:\/\/plauserspeckladele.it\/index.php?rest_route=%2Fwp%2Fv2%2Fmedia&parent=556"}],"wp:term":[{"taxonomy":"product_brand","embeddable":true,"href":"https:\/\/plauserspeckladele.it\/index.php?rest_route=%2Fwp%2Fv2%2Fproduct_brand&post=556"},{"taxonomy":"product_cat","embeddable":true,"href":"https:\/\/plauserspeckladele.it\/index.php?rest_route=%2Fwp%2Fv2%2Fproduct_cat&post=556"},{"taxonomy":"product_tag","embeddable":true,"href":"https:\/\/plauserspeckladele.it\/index.php?rest_route=%2Fwp%2Fv2%2Fproduct_tag&post=556"}],"curies":[{"name":"wp","href":"https:\/\/api.w.org\/{rel}","templated":true}]}}