{"id":568,"date":"2020-12-08T15:26:38","date_gmt":"2020-12-08T14:26:38","guid":{"rendered":"https:\/\/plauserspeckladele.it\/?post_type=product&#038;p=568"},"modified":"2023-02-28T19:19:13","modified_gmt":"2023-02-28T18:19:13","slug":"seitenspeck-ca-500-g","status":"publish","type":"product","link":"https:\/\/plauserspeckladele.it\/?product=seitenspeck-ca-500-g","title":{"rendered":"Seitenspeck ca. 500 g"},"content":{"rendered":"","protected":false},"excerpt":{"rendered":"<p>Unser durchzogener Seitenspeck wird mit einer Naturgew\u00fcrzmischung eingelegt und nach altem Bauernrezept verarbeitet. Ausschlaggebend f\u00fcr Geschmack und Aroma sind die mehrmonatige Reifung und die S\u00fcdtiroler Bergluft.<\/p>\n","protected":false},"featured_media":572,"comment_status":"closed","ping_status":"closed","template":"","meta":[],"product_brand":[],"product_cat":[31],"product_tag":[],"class_list":{"0":"post-568","1":"product","2":"type-product","3":"status-publish","4":"has-post-thumbnail","6":"product_cat-speck-veredelte-produkte","8":"first","9":"instock","10":"taxable","11":"shipping-taxable","12":"purchasable","13":"product-type-simple"},"_links":{"self":[{"href":"https:\/\/plauserspeckladele.it\/index.php?rest_route=\/wp\/v2\/product\/568","targetHints":{"allow":["GET"]}}],"collection":[{"href":"https:\/\/plauserspeckladele.it\/index.php?rest_route=\/wp\/v2\/product"}],"about":[{"href":"https:\/\/plauserspeckladele.it\/index.php?rest_route=\/wp\/v2\/types\/product"}],"replies":[{"embeddable":true,"href":"https:\/\/plauserspeckladele.it\/index.php?rest_route=%2Fwp%2Fv2%2Fcomments&post=568"}],"wp:featuredmedia":[{"embeddable":true,"href":"https:\/\/plauserspeckladele.it\/index.php?rest_route=\/wp\/v2\/media\/572"}],"wp:attachment":[{"href":"https:\/\/plauserspeckladele.it\/index.php?rest_route=%2Fwp%2Fv2%2Fmedia&parent=568"}],"wp:term":[{"taxonomy":"product_brand","embeddable":true,"href":"https:\/\/plauserspeckladele.it\/index.php?rest_route=%2Fwp%2Fv2%2Fproduct_brand&post=568"},{"taxonomy":"product_cat","embeddable":true,"href":"https:\/\/plauserspeckladele.it\/index.php?rest_route=%2Fwp%2Fv2%2Fproduct_cat&post=568"},{"taxonomy":"product_tag","embeddable":true,"href":"https:\/\/plauserspeckladele.it\/index.php?rest_route=%2Fwp%2Fv2%2Fproduct_tag&post=568"}],"curies":[{"name":"wp","href":"https:\/\/api.w.org\/{rel}","templated":true}]}}