{"id":585,"date":"2020-12-08T15:34:11","date_gmt":"2020-12-08T14:34:11","guid":{"rendered":"https:\/\/plauserspeckladele.it\/?post_type=product&#038;p=585"},"modified":"2022-04-12T11:19:57","modified_gmt":"2022-04-12T09:19:57","slug":"sonnenblumen-schuettelbrot-fritz-und-felix","status":"publish","type":"product","link":"https:\/\/plauserspeckladele.it\/?product=sonnenblumen-schuettelbrot-fritz-und-felix","title":{"rendered":"Sonnenblumen-Sch\u00fcttelbrot (Fritz und Felix)"},"content":{"rendered":"","protected":false},"excerpt":{"rendered":"<p><span style=\"line-height: 115%; font-family: 'Bookman Old Style',serif; font-size: 12pt;\"><span style=\"color: #000000;\">Ein wenig Sonne auf der Zunge sp\u00fcren \u2013 das l\u00e4sst sich machen: mit dem Sonnenblumen-Sch\u00fcttelbrot von Fritz und Felix. Freuen Sie sich auf das feine Aroma der ger\u00f6steten Sonnenblumenkerne und auf 100 % Knabberspa\u00df.<\/span><\/span><\/p>\n<p><span style=\"line-height: 115%; font-family: 'Bookman Old Style',serif; font-size: 12pt;\"><span style=\"color: #000000;\">Zutatenliste: Roggenmehl aus der EU (72 %), Weizenmehl, Sonnenblumenkerne (14 %), Hefe, Salz, Gerstenmalzextrakt, Gerstenmalzmehl, nat\u00fcrliches Olivenextrakt. Kann Spuren von Sesam enthalten.<\/span><\/span><\/p>\n","protected":false},"featured_media":587,"comment_status":"closed","ping_status":"closed","template":"","meta":[],"product_brand":[],"product_cat":[41],"product_tag":[],"class_list":{"0":"post-585","1":"product","2":"type-product","3":"status-publish","4":"has-post-thumbnail","6":"product_cat-schuettelbrot-getreide","8":"first","9":"instock","10":"taxable","11":"shipping-taxable","12":"purchasable","13":"product-type-simple"},"_links":{"self":[{"href":"https:\/\/plauserspeckladele.it\/index.php?rest_route=\/wp\/v2\/product\/585","targetHints":{"allow":["GET"]}}],"collection":[{"href":"https:\/\/plauserspeckladele.it\/index.php?rest_route=\/wp\/v2\/product"}],"about":[{"href":"https:\/\/plauserspeckladele.it\/index.php?rest_route=\/wp\/v2\/types\/product"}],"replies":[{"embeddable":true,"href":"https:\/\/plauserspeckladele.it\/index.php?rest_route=%2Fwp%2Fv2%2Fcomments&post=585"}],"wp:featuredmedia":[{"embeddable":true,"href":"https:\/\/plauserspeckladele.it\/index.php?rest_route=\/wp\/v2\/media\/587"}],"wp:attachment":[{"href":"https:\/\/plauserspeckladele.it\/index.php?rest_route=%2Fwp%2Fv2%2Fmedia&parent=585"}],"wp:term":[{"taxonomy":"product_brand","embeddable":true,"href":"https:\/\/plauserspeckladele.it\/index.php?rest_route=%2Fwp%2Fv2%2Fproduct_brand&post=585"},{"taxonomy":"product_cat","embeddable":true,"href":"https:\/\/plauserspeckladele.it\/index.php?rest_route=%2Fwp%2Fv2%2Fproduct_cat&post=585"},{"taxonomy":"product_tag","embeddable":true,"href":"https:\/\/plauserspeckladele.it\/index.php?rest_route=%2Fwp%2Fv2%2Fproduct_tag&post=585"}],"curies":[{"name":"wp","href":"https:\/\/api.w.org\/{rel}","templated":true}]}}