{"id":586,"date":"2020-12-08T15:34:36","date_gmt":"2020-12-08T14:34:36","guid":{"rendered":"https:\/\/plauserspeckladele.it\/?post_type=product&#038;p=586"},"modified":"2023-02-28T19:15:28","modified_gmt":"2023-02-28T18:15:28","slug":"bergschinken-mit-alpenkraeutern","status":"publish","type":"product","link":"https:\/\/plauserspeckladele.it\/?product=bergschinken-mit-alpenkraeutern","title":{"rendered":"Bergschinken mit Alpenkr\u00e4utern"},"content":{"rendered":"","protected":false},"excerpt":{"rendered":"<p>Der Bergschinken mit Alpenkr\u00e4utern ist ein magerer und zugleich zarter Schinken, der hauchd\u00fcnn geschnitten am besten schmeckt. Die Alpenkr\u00e4uter verleihen ihm das feine Aroma.<\/p>\n","protected":false},"featured_media":589,"comment_status":"closed","ping_status":"closed","template":"","meta":[],"product_brand":[],"product_cat":[31],"product_tag":[],"class_list":{"0":"post-586","1":"product","2":"type-product","3":"status-publish","4":"has-post-thumbnail","6":"product_cat-speck-veredelte-produkte","8":"first","9":"instock","10":"taxable","11":"shipping-taxable","12":"purchasable","13":"product-type-simple"},"_links":{"self":[{"href":"https:\/\/plauserspeckladele.it\/index.php?rest_route=\/wp\/v2\/product\/586","targetHints":{"allow":["GET"]}}],"collection":[{"href":"https:\/\/plauserspeckladele.it\/index.php?rest_route=\/wp\/v2\/product"}],"about":[{"href":"https:\/\/plauserspeckladele.it\/index.php?rest_route=\/wp\/v2\/types\/product"}],"replies":[{"embeddable":true,"href":"https:\/\/plauserspeckladele.it\/index.php?rest_route=%2Fwp%2Fv2%2Fcomments&post=586"}],"wp:featuredmedia":[{"embeddable":true,"href":"https:\/\/plauserspeckladele.it\/index.php?rest_route=\/wp\/v2\/media\/589"}],"wp:attachment":[{"href":"https:\/\/plauserspeckladele.it\/index.php?rest_route=%2Fwp%2Fv2%2Fmedia&parent=586"}],"wp:term":[{"taxonomy":"product_brand","embeddable":true,"href":"https:\/\/plauserspeckladele.it\/index.php?rest_route=%2Fwp%2Fv2%2Fproduct_brand&post=586"},{"taxonomy":"product_cat","embeddable":true,"href":"https:\/\/plauserspeckladele.it\/index.php?rest_route=%2Fwp%2Fv2%2Fproduct_cat&post=586"},{"taxonomy":"product_tag","embeddable":true,"href":"https:\/\/plauserspeckladele.it\/index.php?rest_route=%2Fwp%2Fv2%2Fproduct_tag&post=586"}],"curies":[{"name":"wp","href":"https:\/\/api.w.org\/{rel}","templated":true}]}}