{"id":591,"date":"2020-12-08T15:36:55","date_gmt":"2020-12-08T14:36:55","guid":{"rendered":"https:\/\/plauserspeckladele.it\/?post_type=product&#038;p=591"},"modified":"2022-04-12T11:24:41","modified_gmt":"2022-04-12T09:24:41","slug":"sesam-schuettelbrot-fritz-und-felix","status":"publish","type":"product","link":"https:\/\/plauserspeckladele.it\/?product=sesam-schuettelbrot-fritz-und-felix","title":{"rendered":"Sesam-Sch\u00fcttelbrot (Fritz und Felix)"},"content":{"rendered":"","protected":false},"excerpt":{"rendered":"<p><span style=\"line-height: 115%; font-family: 'Bookman Old Style',serif; font-size: 12pt;\"><span style=\"color: #000000;\">Sesam enth\u00e4lt unter anderem unges\u00e4ttigte Fetts\u00e4uren, Eiwei\u00df, Mineralstoffe, Vitamin E und B-Vitamine und macht dieses Sch\u00fcttelbrot daher besonders bek\u00f6mmlich. Au\u00dferdem ist Sesam eine weit verbreitete Kulturpflanze und vermutlich eine der \u00e4ltesten \u00d6lpflanzen der Welt.<\/span><\/span><\/p>\n<p><span style=\"line-height: 115%; font-family: 'Bookman Old Style',serif; font-size: 12pt;\"><span style=\"color: #000000;\">Zutatenliste: Roggenmehl (72 %), Weizenmehl, Sesam (10 %), Hefe, Salz, Gerstenmalzextrakt, Gew\u00fcrze, Gerstenmalzmehl, nat\u00fcrliches Olivenextrakt.<\/span><\/span><\/p>\n","protected":false},"featured_media":594,"comment_status":"closed","ping_status":"closed","template":"","meta":[],"product_brand":[],"product_cat":[41],"product_tag":[],"class_list":{"0":"post-591","1":"product","2":"type-product","3":"status-publish","4":"has-post-thumbnail","6":"product_cat-schuettelbrot-getreide","8":"first","9":"instock","10":"taxable","11":"shipping-taxable","12":"purchasable","13":"product-type-simple"},"_links":{"self":[{"href":"https:\/\/plauserspeckladele.it\/index.php?rest_route=\/wp\/v2\/product\/591","targetHints":{"allow":["GET"]}}],"collection":[{"href":"https:\/\/plauserspeckladele.it\/index.php?rest_route=\/wp\/v2\/product"}],"about":[{"href":"https:\/\/plauserspeckladele.it\/index.php?rest_route=\/wp\/v2\/types\/product"}],"replies":[{"embeddable":true,"href":"https:\/\/plauserspeckladele.it\/index.php?rest_route=%2Fwp%2Fv2%2Fcomments&post=591"}],"wp:featuredmedia":[{"embeddable":true,"href":"https:\/\/plauserspeckladele.it\/index.php?rest_route=\/wp\/v2\/media\/594"}],"wp:attachment":[{"href":"https:\/\/plauserspeckladele.it\/index.php?rest_route=%2Fwp%2Fv2%2Fmedia&parent=591"}],"wp:term":[{"taxonomy":"product_brand","embeddable":true,"href":"https:\/\/plauserspeckladele.it\/index.php?rest_route=%2Fwp%2Fv2%2Fproduct_brand&post=591"},{"taxonomy":"product_cat","embeddable":true,"href":"https:\/\/plauserspeckladele.it\/index.php?rest_route=%2Fwp%2Fv2%2Fproduct_cat&post=591"},{"taxonomy":"product_tag","embeddable":true,"href":"https:\/\/plauserspeckladele.it\/index.php?rest_route=%2Fwp%2Fv2%2Fproduct_tag&post=591"}],"curies":[{"name":"wp","href":"https:\/\/api.w.org\/{rel}","templated":true}]}}