{"id":605,"date":"2020-12-08T15:43:49","date_gmt":"2020-12-08T14:43:49","guid":{"rendered":"https:\/\/plauserspeckladele.it\/?post_type=product&#038;p=605"},"modified":"2022-04-12T11:25:55","modified_gmt":"2022-04-12T09:25:55","slug":"original-mini-schuettelbrot","status":"publish","type":"product","link":"https:\/\/plauserspeckladele.it\/?product=original-mini-schuettelbrot","title":{"rendered":"Original Mini-Sch\u00fcttelbrot"},"content":{"rendered":"","protected":false},"excerpt":{"rendered":"<p><span style=\"line-height: 115%; font-family: 'Bookman Old Style',serif; font-size: 12pt;\"><span style=\"color: #000000;\">K\u00fcmmel und Fenchel bilden die traditionelle Gew\u00fcrzgrundlage f\u00fcr das originale S\u00fcdtiroler Sch\u00fcttelbrot. Diese beiden Gew\u00fcrze sind au\u00dferdem besonders bek\u00f6mmlich f\u00fcr Magen und Darm. Sch\u00fcttelbrot eignet sich hervorragend als Knabberbrot zur Jause bzw. Brotzeit. <\/span><\/span><\/p>\n<p><span style=\"line-height: 115%; font-family: 'Bookman Old Style',serif; font-size: 12pt;\"><span style=\"color: #000000;\">Zutatenliste: Roggenmehl (95 %), Hefe, Weizenmehl, Salz, Fenchelsamen (1 %), K\u00fcmmel (1 %), Gerstenmalzextrakt, Gerstenmalzmehl. Kann Spuren von Sesam enthalten.<\/span><\/span><\/p>\n","protected":false},"featured_media":609,"comment_status":"closed","ping_status":"closed","template":"","meta":[],"product_brand":[],"product_cat":[41],"product_tag":[],"class_list":{"0":"post-605","1":"product","2":"type-product","3":"status-publish","4":"has-post-thumbnail","6":"product_cat-schuettelbrot-getreide","8":"first","9":"instock","10":"taxable","11":"shipping-taxable","12":"purchasable","13":"product-type-simple"},"_links":{"self":[{"href":"https:\/\/plauserspeckladele.it\/index.php?rest_route=\/wp\/v2\/product\/605","targetHints":{"allow":["GET"]}}],"collection":[{"href":"https:\/\/plauserspeckladele.it\/index.php?rest_route=\/wp\/v2\/product"}],"about":[{"href":"https:\/\/plauserspeckladele.it\/index.php?rest_route=\/wp\/v2\/types\/product"}],"replies":[{"embeddable":true,"href":"https:\/\/plauserspeckladele.it\/index.php?rest_route=%2Fwp%2Fv2%2Fcomments&post=605"}],"wp:featuredmedia":[{"embeddable":true,"href":"https:\/\/plauserspeckladele.it\/index.php?rest_route=\/wp\/v2\/media\/609"}],"wp:attachment":[{"href":"https:\/\/plauserspeckladele.it\/index.php?rest_route=%2Fwp%2Fv2%2Fmedia&parent=605"}],"wp:term":[{"taxonomy":"product_brand","embeddable":true,"href":"https:\/\/plauserspeckladele.it\/index.php?rest_route=%2Fwp%2Fv2%2Fproduct_brand&post=605"},{"taxonomy":"product_cat","embeddable":true,"href":"https:\/\/plauserspeckladele.it\/index.php?rest_route=%2Fwp%2Fv2%2Fproduct_cat&post=605"},{"taxonomy":"product_tag","embeddable":true,"href":"https:\/\/plauserspeckladele.it\/index.php?rest_route=%2Fwp%2Fv2%2Fproduct_tag&post=605"}],"curies":[{"name":"wp","href":"https:\/\/api.w.org\/{rel}","templated":true}]}}