{"id":608,"date":"2020-12-08T15:44:57","date_gmt":"2020-12-08T14:44:57","guid":{"rendered":"https:\/\/plauserspeckladele.it\/?post_type=product&#038;p=608"},"modified":"2025-05-21T17:31:57","modified_gmt":"2025-05-21T15:31:57","slug":"rehrohschinken","status":"publish","type":"product","link":"https:\/\/plauserspeckladele.it\/?product=rehrohschinken","title":{"rendered":"Rehrohschinken"},"content":{"rendered":"","protected":false},"excerpt":{"rendered":"<p>Nur die saftigsten Keulenteile werden zu feinem Rehrohschinken verarbeitet und mit einer speziellen Salz-Gew\u00fcrz-Mischung von Hand eingew\u00fcrzt. Anschlie\u00dfend werden sie schonend kaltger\u00e4uchert und d\u00fcrfen unter streng kontrollierten Bedingungen ausgiebig reifen. Erst wenn der Rehrohschinken lange genug luftgetrocknet und ger\u00e4uchert wurde, ist er saftig und verf\u00fcgt \u00fcber sein unvergleichliches Aroma sowie den kr\u00e4ftigen Geschmack.<\/p>\n","protected":false},"featured_media":606,"comment_status":"closed","ping_status":"closed","template":"","meta":[],"product_brand":[],"product_cat":[31],"product_tag":[],"class_list":{"0":"post-608","1":"product","2":"type-product","3":"status-publish","4":"has-post-thumbnail","6":"product_cat-speck-veredelte-produkte","8":"first","9":"outofstock","10":"taxable","11":"shipping-taxable","12":"purchasable","13":"product-type-simple"},"_links":{"self":[{"href":"https:\/\/plauserspeckladele.it\/index.php?rest_route=\/wp\/v2\/product\/608","targetHints":{"allow":["GET"]}}],"collection":[{"href":"https:\/\/plauserspeckladele.it\/index.php?rest_route=\/wp\/v2\/product"}],"about":[{"href":"https:\/\/plauserspeckladele.it\/index.php?rest_route=\/wp\/v2\/types\/product"}],"replies":[{"embeddable":true,"href":"https:\/\/plauserspeckladele.it\/index.php?rest_route=%2Fwp%2Fv2%2Fcomments&post=608"}],"wp:featuredmedia":[{"embeddable":true,"href":"https:\/\/plauserspeckladele.it\/index.php?rest_route=\/wp\/v2\/media\/606"}],"wp:attachment":[{"href":"https:\/\/plauserspeckladele.it\/index.php?rest_route=%2Fwp%2Fv2%2Fmedia&parent=608"}],"wp:term":[{"taxonomy":"product_brand","embeddable":true,"href":"https:\/\/plauserspeckladele.it\/index.php?rest_route=%2Fwp%2Fv2%2Fproduct_brand&post=608"},{"taxonomy":"product_cat","embeddable":true,"href":"https:\/\/plauserspeckladele.it\/index.php?rest_route=%2Fwp%2Fv2%2Fproduct_cat&post=608"},{"taxonomy":"product_tag","embeddable":true,"href":"https:\/\/plauserspeckladele.it\/index.php?rest_route=%2Fwp%2Fv2%2Fproduct_tag&post=608"}],"curies":[{"name":"wp","href":"https:\/\/api.w.org\/{rel}","templated":true}]}}