{"id":616,"date":"2020-12-08T15:54:48","date_gmt":"2020-12-08T14:54:48","guid":{"rendered":"https:\/\/plauserspeckladele.it\/?post_type=product&#038;p=616"},"modified":"2022-04-12T11:43:19","modified_gmt":"2022-04-12T09:43:19","slug":"mini-schuettelbrot-mit-bergkraeutern","status":"publish","type":"product","link":"https:\/\/plauserspeckladele.it\/?product=mini-schuettelbrot-mit-bergkraeutern","title":{"rendered":"Mini-Sch\u00fcttelbrot mit Bergkr\u00e4utern"},"content":{"rendered":"","protected":false},"excerpt":{"rendered":"<p><span style=\"line-height: 115%; font-family: 'Bookman Old Style',serif; font-size: 12pt;\"><span style=\"color: #000000;\">Mini-Sch\u00fcttelbrot mit S\u00fcdtiroler Bergkr\u00e4utern vom Bergbiohof Ausserbrunner in Afing. <\/span><\/span><\/p>\n","protected":false},"featured_media":1831,"comment_status":"closed","ping_status":"closed","template":"","meta":[],"product_brand":[],"product_cat":[41],"product_tag":[],"class_list":{"0":"post-616","1":"product","2":"type-product","3":"status-publish","4":"has-post-thumbnail","6":"product_cat-schuettelbrot-getreide","8":"first","9":"instock","10":"taxable","11":"shipping-taxable","12":"purchasable","13":"product-type-simple"},"_links":{"self":[{"href":"https:\/\/plauserspeckladele.it\/index.php?rest_route=\/wp\/v2\/product\/616","targetHints":{"allow":["GET"]}}],"collection":[{"href":"https:\/\/plauserspeckladele.it\/index.php?rest_route=\/wp\/v2\/product"}],"about":[{"href":"https:\/\/plauserspeckladele.it\/index.php?rest_route=\/wp\/v2\/types\/product"}],"replies":[{"embeddable":true,"href":"https:\/\/plauserspeckladele.it\/index.php?rest_route=%2Fwp%2Fv2%2Fcomments&post=616"}],"wp:featuredmedia":[{"embeddable":true,"href":"https:\/\/plauserspeckladele.it\/index.php?rest_route=\/wp\/v2\/media\/1831"}],"wp:attachment":[{"href":"https:\/\/plauserspeckladele.it\/index.php?rest_route=%2Fwp%2Fv2%2Fmedia&parent=616"}],"wp:term":[{"taxonomy":"product_brand","embeddable":true,"href":"https:\/\/plauserspeckladele.it\/index.php?rest_route=%2Fwp%2Fv2%2Fproduct_brand&post=616"},{"taxonomy":"product_cat","embeddable":true,"href":"https:\/\/plauserspeckladele.it\/index.php?rest_route=%2Fwp%2Fv2%2Fproduct_cat&post=616"},{"taxonomy":"product_tag","embeddable":true,"href":"https:\/\/plauserspeckladele.it\/index.php?rest_route=%2Fwp%2Fv2%2Fproduct_tag&post=616"}],"curies":[{"name":"wp","href":"https:\/\/api.w.org\/{rel}","templated":true}]}}