{"id":627,"date":"2020-12-08T16:01:27","date_gmt":"2020-12-08T15:01:27","guid":{"rendered":"https:\/\/plauserspeckladele.it\/?post_type=product&#038;p=627"},"modified":"2023-03-01T09:34:12","modified_gmt":"2023-03-01T08:34:12","slug":"kraeutersalzspeck-lardo","status":"publish","type":"product","link":"https:\/\/plauserspeckladele.it\/?product=kraeutersalzspeck-lardo","title":{"rendered":"Kr\u00e4utersalzspeck (Lardo) 300g"},"content":{"rendered":"","protected":false},"excerpt":{"rendered":"<p>Der Kr\u00e4utersalzspeck ist ein lang gereifter R\u00fcckenspeck, gew\u00fcrzt mit einer speziellen Kr\u00e4utermischung. Er eignet sich besonders gut zum Anbraten und schmeckt fein geschnitten auf warmem Brot am allerbesten.<\/p>\n","protected":false},"featured_media":630,"comment_status":"closed","ping_status":"closed","template":"","meta":[],"product_brand":[],"product_cat":[31],"product_tag":[],"class_list":{"0":"post-627","1":"product","2":"type-product","3":"status-publish","4":"has-post-thumbnail","6":"product_cat-speck-veredelte-produkte","8":"first","9":"instock","10":"taxable","11":"shipping-taxable","12":"purchasable","13":"product-type-simple"},"_links":{"self":[{"href":"https:\/\/plauserspeckladele.it\/index.php?rest_route=\/wp\/v2\/product\/627","targetHints":{"allow":["GET"]}}],"collection":[{"href":"https:\/\/plauserspeckladele.it\/index.php?rest_route=\/wp\/v2\/product"}],"about":[{"href":"https:\/\/plauserspeckladele.it\/index.php?rest_route=\/wp\/v2\/types\/product"}],"replies":[{"embeddable":true,"href":"https:\/\/plauserspeckladele.it\/index.php?rest_route=%2Fwp%2Fv2%2Fcomments&post=627"}],"wp:featuredmedia":[{"embeddable":true,"href":"https:\/\/plauserspeckladele.it\/index.php?rest_route=\/wp\/v2\/media\/630"}],"wp:attachment":[{"href":"https:\/\/plauserspeckladele.it\/index.php?rest_route=%2Fwp%2Fv2%2Fmedia&parent=627"}],"wp:term":[{"taxonomy":"product_brand","embeddable":true,"href":"https:\/\/plauserspeckladele.it\/index.php?rest_route=%2Fwp%2Fv2%2Fproduct_brand&post=627"},{"taxonomy":"product_cat","embeddable":true,"href":"https:\/\/plauserspeckladele.it\/index.php?rest_route=%2Fwp%2Fv2%2Fproduct_cat&post=627"},{"taxonomy":"product_tag","embeddable":true,"href":"https:\/\/plauserspeckladele.it\/index.php?rest_route=%2Fwp%2Fv2%2Fproduct_tag&post=627"}],"curies":[{"name":"wp","href":"https:\/\/api.w.org\/{rel}","templated":true}]}}