{"id":644,"date":"2020-12-08T16:14:09","date_gmt":"2020-12-08T15:14:09","guid":{"rendered":"https:\/\/plauserspeckladele.it\/?post_type=product&#038;p=644"},"modified":"2023-02-28T19:31:39","modified_gmt":"2023-02-28T18:31:39","slug":"bresaola","status":"publish","type":"product","link":"https:\/\/plauserspeckladele.it\/?product=bresaola","title":{"rendered":"Bresaola"},"content":{"rendered":"","protected":false},"excerpt":{"rendered":"<p>Das magere Rindfleisch aus der Oberschenkelmuskulatur wird von Hand mit einer speziellen Gew\u00fcrzmischung eingew\u00fcrzt und in einem geschlossenen Beh\u00e4lter f\u00fcr einige Wochen bei einer Temperatur nahe dem Gefrierpunkt gelagert. Anschlie\u00dfend wird es mehrere Wochen lang getrocknet.<\/p>\n<p>Bresaola eignet sich bestens f\u00fcr die Zubereitung von Carpaccio und wird mit Oliven\u00f6l, Rauke und Parmesansp\u00e4nen serviert.<\/p>\n","protected":false},"featured_media":645,"comment_status":"closed","ping_status":"closed","template":"","meta":[],"product_brand":[],"product_cat":[31],"product_tag":[],"class_list":{"0":"post-644","1":"product","2":"type-product","3":"status-publish","4":"has-post-thumbnail","6":"product_cat-speck-veredelte-produkte","8":"first","9":"instock","10":"taxable","11":"shipping-taxable","12":"purchasable","13":"product-type-simple"},"_links":{"self":[{"href":"https:\/\/plauserspeckladele.it\/index.php?rest_route=\/wp\/v2\/product\/644","targetHints":{"allow":["GET"]}}],"collection":[{"href":"https:\/\/plauserspeckladele.it\/index.php?rest_route=\/wp\/v2\/product"}],"about":[{"href":"https:\/\/plauserspeckladele.it\/index.php?rest_route=\/wp\/v2\/types\/product"}],"replies":[{"embeddable":true,"href":"https:\/\/plauserspeckladele.it\/index.php?rest_route=%2Fwp%2Fv2%2Fcomments&post=644"}],"wp:featuredmedia":[{"embeddable":true,"href":"https:\/\/plauserspeckladele.it\/index.php?rest_route=\/wp\/v2\/media\/645"}],"wp:attachment":[{"href":"https:\/\/plauserspeckladele.it\/index.php?rest_route=%2Fwp%2Fv2%2Fmedia&parent=644"}],"wp:term":[{"taxonomy":"product_brand","embeddable":true,"href":"https:\/\/plauserspeckladele.it\/index.php?rest_route=%2Fwp%2Fv2%2Fproduct_brand&post=644"},{"taxonomy":"product_cat","embeddable":true,"href":"https:\/\/plauserspeckladele.it\/index.php?rest_route=%2Fwp%2Fv2%2Fproduct_cat&post=644"},{"taxonomy":"product_tag","embeddable":true,"href":"https:\/\/plauserspeckladele.it\/index.php?rest_route=%2Fwp%2Fv2%2Fproduct_tag&post=644"}],"curies":[{"name":"wp","href":"https:\/\/api.w.org\/{rel}","templated":true}]}}