{"id":686,"date":"2020-12-08T16:38:29","date_gmt":"2020-12-08T15:38:29","guid":{"rendered":"https:\/\/plauserspeckladele.it\/?post_type=product&#038;p=686"},"modified":"2023-03-01T10:28:02","modified_gmt":"2023-03-01T09:28:02","slug":"salami-im-kraeutermantel","status":"publish","type":"product","link":"https:\/\/plauserspeckladele.it\/?product=salami-im-kraeutermantel","title":{"rendered":"Salami im Kr\u00e4utermantel"},"content":{"rendered":"","protected":false},"excerpt":{"rendered":"<p>Diese Salami im zarten Kr\u00e4utermantel besteht aus Schweinefleisch und einheimischem Rindfleisch. Sie ist mild im Geschmack und mit feinsten Kr\u00e4utern umh\u00fcllt.<\/p>\n<p>Zutaten: Schweinefleisch (124 g pro 100 g); Rindfleisch (17 g pro 100 g); R\u00fcckenspeck; P\u00f6kelsalz; Konservierungsstoffe: Natriumnitrit, Kaliumnitrat.<\/p>\n<p>\u2713 Glutamatfrei<\/p>\n<p>\u2713 Laktosefrei<\/p>\n<p>\u2713 Allergenfrei<\/p>\n<p>\u2713 Glutenfrei<\/p>\n","protected":false},"featured_media":690,"comment_status":"closed","ping_status":"closed","template":"","meta":[],"product_brand":[],"product_cat":[32],"product_tag":[],"class_list":{"0":"post-686","1":"product","2":"type-product","3":"status-publish","4":"has-post-thumbnail","6":"product_cat-salami-wurst","8":"first","9":"instock","10":"taxable","11":"shipping-taxable","12":"purchasable","13":"product-type-simple"},"_links":{"self":[{"href":"https:\/\/plauserspeckladele.it\/index.php?rest_route=\/wp\/v2\/product\/686","targetHints":{"allow":["GET"]}}],"collection":[{"href":"https:\/\/plauserspeckladele.it\/index.php?rest_route=\/wp\/v2\/product"}],"about":[{"href":"https:\/\/plauserspeckladele.it\/index.php?rest_route=\/wp\/v2\/types\/product"}],"replies":[{"embeddable":true,"href":"https:\/\/plauserspeckladele.it\/index.php?rest_route=%2Fwp%2Fv2%2Fcomments&post=686"}],"wp:featuredmedia":[{"embeddable":true,"href":"https:\/\/plauserspeckladele.it\/index.php?rest_route=\/wp\/v2\/media\/690"}],"wp:attachment":[{"href":"https:\/\/plauserspeckladele.it\/index.php?rest_route=%2Fwp%2Fv2%2Fmedia&parent=686"}],"wp:term":[{"taxonomy":"product_brand","embeddable":true,"href":"https:\/\/plauserspeckladele.it\/index.php?rest_route=%2Fwp%2Fv2%2Fproduct_brand&post=686"},{"taxonomy":"product_cat","embeddable":true,"href":"https:\/\/plauserspeckladele.it\/index.php?rest_route=%2Fwp%2Fv2%2Fproduct_cat&post=686"},{"taxonomy":"product_tag","embeddable":true,"href":"https:\/\/plauserspeckladele.it\/index.php?rest_route=%2Fwp%2Fv2%2Fproduct_tag&post=686"}],"curies":[{"name":"wp","href":"https:\/\/api.w.org\/{rel}","templated":true}]}}