{"id":692,"date":"2020-12-08T16:40:11","date_gmt":"2020-12-08T15:40:11","guid":{"rendered":"https:\/\/plauserspeckladele.it\/?post_type=product&#038;p=692"},"modified":"2023-03-01T10:27:38","modified_gmt":"2023-03-01T09:27:38","slug":"salami-im-pfeffermantel","status":"publish","type":"product","link":"https:\/\/plauserspeckladele.it\/?product=salami-im-pfeffermantel","title":{"rendered":"Salami im Pfeffermantel"},"content":{"rendered":"","protected":false},"excerpt":{"rendered":"<p>Diese Salami aus Schweinefleisch, gemischt mit heimischem Rindfleisch, ist herzhaft gew\u00fcrzt und daher kr\u00e4ftig im Geschmack. Sie passt zu jeder Brettlmarende.<\/p>\n<p>Zutaten: Schweinefleisch (114 g pro 100 g); Rindfleisch (18 g pro 100 g); R\u00fcckenspeck; P\u00f6kelsalz; Gew\u00fcrze; Dextrose; Antioxidationsmittel: Natriumascorbat; Saccharose; Glukosesirup; Rote-Beete-Pulver; Paprikaextrakt; Knoblauch; Starterkulturen; Konservierungsstoffe: Natriumnitrit, Kaliumnitrat.<\/p>\n<p>\u2713 Glutamatfrei<\/p>\n<p>\u2713 Laktosefrei<\/p>\n<p>\u2713 Allergenfrei<\/p>\n<p>\u2713 Glutenfrei<\/p>\n","protected":false},"featured_media":695,"comment_status":"closed","ping_status":"closed","template":"","meta":[],"product_brand":[],"product_cat":[32],"product_tag":[],"class_list":{"0":"post-692","1":"product","2":"type-product","3":"status-publish","4":"has-post-thumbnail","6":"product_cat-salami-wurst","8":"first","9":"instock","10":"taxable","11":"shipping-taxable","12":"purchasable","13":"product-type-simple"},"_links":{"self":[{"href":"https:\/\/plauserspeckladele.it\/index.php?rest_route=\/wp\/v2\/product\/692","targetHints":{"allow":["GET"]}}],"collection":[{"href":"https:\/\/plauserspeckladele.it\/index.php?rest_route=\/wp\/v2\/product"}],"about":[{"href":"https:\/\/plauserspeckladele.it\/index.php?rest_route=\/wp\/v2\/types\/product"}],"replies":[{"embeddable":true,"href":"https:\/\/plauserspeckladele.it\/index.php?rest_route=%2Fwp%2Fv2%2Fcomments&post=692"}],"wp:featuredmedia":[{"embeddable":true,"href":"https:\/\/plauserspeckladele.it\/index.php?rest_route=\/wp\/v2\/media\/695"}],"wp:attachment":[{"href":"https:\/\/plauserspeckladele.it\/index.php?rest_route=%2Fwp%2Fv2%2Fmedia&parent=692"}],"wp:term":[{"taxonomy":"product_brand","embeddable":true,"href":"https:\/\/plauserspeckladele.it\/index.php?rest_route=%2Fwp%2Fv2%2Fproduct_brand&post=692"},{"taxonomy":"product_cat","embeddable":true,"href":"https:\/\/plauserspeckladele.it\/index.php?rest_route=%2Fwp%2Fv2%2Fproduct_cat&post=692"},{"taxonomy":"product_tag","embeddable":true,"href":"https:\/\/plauserspeckladele.it\/index.php?rest_route=%2Fwp%2Fv2%2Fproduct_tag&post=692"}],"curies":[{"name":"wp","href":"https:\/\/api.w.org\/{rel}","templated":true}]}}