{"id":699,"date":"2020-12-08T16:58:47","date_gmt":"2020-12-08T15:58:47","guid":{"rendered":"https:\/\/plauserspeckladele.it\/?post_type=product&#038;p=699"},"modified":"2023-05-16T16:46:27","modified_gmt":"2023-05-16T14:46:27","slug":"pizzaknusperschuettelbrot-vom-bauernhof","status":"publish","type":"product","link":"https:\/\/plauserspeckladele.it\/?product=pizzaknusperschuettelbrot-vom-bauernhof","title":{"rendered":"Pizzaknuspersch\u00fcttelbrot vom Bauernhof"},"content":{"rendered":"","protected":false},"excerpt":{"rendered":"<p>Durch das schonende Verarbeiten, die lange Teigruhe und die ausgedehnte Backzeit entsteht der unvergleichliche Geschmack des Sch\u00fcttelbrots. Mit viel Liebe und Zeit wird dieses traditionelle Produkt in einer kleinen Hofb\u00e4ckerei immer noch von Hand hergestellt. Tomatensauce und Oregano verleihen dem Pizzaknuspersch\u00fcttelbrot seinen charakteristischen Geschmack.<\/p>\n<p>Das Pizzaknuspersch\u00fcttelbrot ist eine Mischung aus Wasser, Roggenmehl, Hefe, Brotklee (Schabzigerklee, Zigeunerkraut), Tomatensauce, Oregano und Salz.<\/p>\n","protected":false},"featured_media":711,"comment_status":"closed","ping_status":"closed","template":"","meta":[],"product_brand":[],"product_cat":[41],"product_tag":[],"class_list":{"0":"post-699","1":"product","2":"type-product","3":"status-publish","4":"has-post-thumbnail","6":"product_cat-schuettelbrot-getreide","8":"first","9":"outofstock","10":"taxable","11":"shipping-taxable","12":"purchasable","13":"product-type-simple"},"_links":{"self":[{"href":"https:\/\/plauserspeckladele.it\/index.php?rest_route=\/wp\/v2\/product\/699","targetHints":{"allow":["GET"]}}],"collection":[{"href":"https:\/\/plauserspeckladele.it\/index.php?rest_route=\/wp\/v2\/product"}],"about":[{"href":"https:\/\/plauserspeckladele.it\/index.php?rest_route=\/wp\/v2\/types\/product"}],"replies":[{"embeddable":true,"href":"https:\/\/plauserspeckladele.it\/index.php?rest_route=%2Fwp%2Fv2%2Fcomments&post=699"}],"wp:featuredmedia":[{"embeddable":true,"href":"https:\/\/plauserspeckladele.it\/index.php?rest_route=\/wp\/v2\/media\/711"}],"wp:attachment":[{"href":"https:\/\/plauserspeckladele.it\/index.php?rest_route=%2Fwp%2Fv2%2Fmedia&parent=699"}],"wp:term":[{"taxonomy":"product_brand","embeddable":true,"href":"https:\/\/plauserspeckladele.it\/index.php?rest_route=%2Fwp%2Fv2%2Fproduct_brand&post=699"},{"taxonomy":"product_cat","embeddable":true,"href":"https:\/\/plauserspeckladele.it\/index.php?rest_route=%2Fwp%2Fv2%2Fproduct_cat&post=699"},{"taxonomy":"product_tag","embeddable":true,"href":"https:\/\/plauserspeckladele.it\/index.php?rest_route=%2Fwp%2Fv2%2Fproduct_tag&post=699"}],"curies":[{"name":"wp","href":"https:\/\/api.w.org\/{rel}","templated":true}]}}