{"id":710,"date":"2020-12-08T16:55:33","date_gmt":"2020-12-08T15:55:33","guid":{"rendered":"https:\/\/plauserspeckladele.it\/?post_type=product&#038;p=710"},"modified":"2023-03-01T10:16:10","modified_gmt":"2023-03-01T09:16:10","slug":"trueffelsalami","status":"publish","type":"product","link":"https:\/\/plauserspeckladele.it\/?product=trueffelsalami","title":{"rendered":"Tr\u00fcffelsalami"},"content":{"rendered":"","protected":false},"excerpt":{"rendered":"<p>Diese edle Salami aus zartem Schweinefleisch und einheimischem Rindfleisch besticht durch ihren feinen Geschmack nach schwarzem Tr\u00fcffel.<\/p>\n<p>Zutaten: Schweinefleisch (119 g pro 100 g); Rindfleisch (19 g pro 100 g); R\u00fcckenspeck; P\u00f6kelsalz; Dextrose; Aromen; Antioxidationsmittel: Natriumascorbat; schwarzer Tr\u00fcffel; Gew\u00fcrzextrakte; Pfeffer; Konservierungsstoffe: Natriumnitrit, Kaliumnitrat.<\/p>\n<p>\u2713 Glutamatfrei<\/p>\n<p>\u2713 Laktosefrei<\/p>\n<p>\u2713 Allergenfrei<\/p>\n<p>\u2713 Glutenfrei<\/p>\n","protected":false},"featured_media":713,"comment_status":"closed","ping_status":"closed","template":"","meta":[],"product_brand":[],"product_cat":[32],"product_tag":[],"class_list":{"0":"post-710","1":"product","2":"type-product","3":"status-publish","4":"has-post-thumbnail","6":"product_cat-salami-wurst","8":"first","9":"instock","10":"taxable","11":"shipping-taxable","12":"purchasable","13":"product-type-simple"},"_links":{"self":[{"href":"https:\/\/plauserspeckladele.it\/index.php?rest_route=\/wp\/v2\/product\/710","targetHints":{"allow":["GET"]}}],"collection":[{"href":"https:\/\/plauserspeckladele.it\/index.php?rest_route=\/wp\/v2\/product"}],"about":[{"href":"https:\/\/plauserspeckladele.it\/index.php?rest_route=\/wp\/v2\/types\/product"}],"replies":[{"embeddable":true,"href":"https:\/\/plauserspeckladele.it\/index.php?rest_route=%2Fwp%2Fv2%2Fcomments&post=710"}],"wp:featuredmedia":[{"embeddable":true,"href":"https:\/\/plauserspeckladele.it\/index.php?rest_route=\/wp\/v2\/media\/713"}],"wp:attachment":[{"href":"https:\/\/plauserspeckladele.it\/index.php?rest_route=%2Fwp%2Fv2%2Fmedia&parent=710"}],"wp:term":[{"taxonomy":"product_brand","embeddable":true,"href":"https:\/\/plauserspeckladele.it\/index.php?rest_route=%2Fwp%2Fv2%2Fproduct_brand&post=710"},{"taxonomy":"product_cat","embeddable":true,"href":"https:\/\/plauserspeckladele.it\/index.php?rest_route=%2Fwp%2Fv2%2Fproduct_cat&post=710"},{"taxonomy":"product_tag","embeddable":true,"href":"https:\/\/plauserspeckladele.it\/index.php?rest_route=%2Fwp%2Fv2%2Fproduct_tag&post=710"}],"curies":[{"name":"wp","href":"https:\/\/api.w.org\/{rel}","templated":true}]}}