{"id":720,"date":"2020-12-08T17:00:00","date_gmt":"2020-12-08T16:00:00","guid":{"rendered":"https:\/\/plauserspeckladele.it\/?post_type=product&#038;p=720"},"modified":"2023-03-01T10:15:38","modified_gmt":"2023-03-01T09:15:38","slug":"wildschweinsalami","status":"publish","type":"product","link":"https:\/\/plauserspeckladele.it\/?product=wildschweinsalami","title":{"rendered":"Wildschweinsalami"},"content":{"rendered":"","protected":false},"excerpt":{"rendered":"<p>Diese Salami aus zartem Schweine- und saftigem Wildschweinfleisch wird mit edlen Gew\u00fcrzen verfeinert \u2013 ideal f\u00fcr eine schmackhafte Jause.<\/p>\n<p>Zutaten: Schweinefleisch (77 g pro 100 g); Wildschweinfleisch (62 g pro 100 g); P\u00f6kelsalz; Dextrose; Gew\u00fcrze; Antioxidationsmittel: Natriumascorbat; Gr\u00fcntee-Extrakt; Starterkulturen; Konservierungsstoffe: Natriumnitrit, Kaliumnitrat.<\/p>\n<p>\u2713 Glutamatfrei<\/p>\n<p>\u2713 Laktosefrei<\/p>\n<p>\u2713 Allergenfrei<\/p>\n<p>\u2713 Glutenfrei<\/p>\n","protected":false},"featured_media":722,"comment_status":"closed","ping_status":"closed","template":"","meta":[],"product_brand":[],"product_cat":[32],"product_tag":[],"class_list":{"0":"post-720","1":"product","2":"type-product","3":"status-publish","4":"has-post-thumbnail","6":"product_cat-salami-wurst","8":"first","9":"instock","10":"taxable","11":"shipping-taxable","12":"purchasable","13":"product-type-simple"},"_links":{"self":[{"href":"https:\/\/plauserspeckladele.it\/index.php?rest_route=\/wp\/v2\/product\/720","targetHints":{"allow":["GET"]}}],"collection":[{"href":"https:\/\/plauserspeckladele.it\/index.php?rest_route=\/wp\/v2\/product"}],"about":[{"href":"https:\/\/plauserspeckladele.it\/index.php?rest_route=\/wp\/v2\/types\/product"}],"replies":[{"embeddable":true,"href":"https:\/\/plauserspeckladele.it\/index.php?rest_route=%2Fwp%2Fv2%2Fcomments&post=720"}],"wp:featuredmedia":[{"embeddable":true,"href":"https:\/\/plauserspeckladele.it\/index.php?rest_route=\/wp\/v2\/media\/722"}],"wp:attachment":[{"href":"https:\/\/plauserspeckladele.it\/index.php?rest_route=%2Fwp%2Fv2%2Fmedia&parent=720"}],"wp:term":[{"taxonomy":"product_brand","embeddable":true,"href":"https:\/\/plauserspeckladele.it\/index.php?rest_route=%2Fwp%2Fv2%2Fproduct_brand&post=720"},{"taxonomy":"product_cat","embeddable":true,"href":"https:\/\/plauserspeckladele.it\/index.php?rest_route=%2Fwp%2Fv2%2Fproduct_cat&post=720"},{"taxonomy":"product_tag","embeddable":true,"href":"https:\/\/plauserspeckladele.it\/index.php?rest_route=%2Fwp%2Fv2%2Fproduct_tag&post=720"}],"curies":[{"name":"wp","href":"https:\/\/api.w.org\/{rel}","templated":true}]}}