{"id":756,"date":"2020-12-08T17:29:24","date_gmt":"2020-12-08T16:29:24","guid":{"rendered":"https:\/\/plauserspeckladele.it\/?post_type=product&#038;p=756"},"modified":"2025-05-21T17:28:32","modified_gmt":"2025-05-21T15:28:32","slug":"bergessig-zu-plun-rot","status":"publish","type":"product","link":"https:\/\/plauserspeckladele.it\/?product=bergessig-zu-plun-rot","title":{"rendered":"Bergessig \u201eZu Plun\u201c (rot)"},"content":{"rendered":"","protected":false},"excerpt":{"rendered":"<p><span style=\"line-height: 115%; font-family: 'Bookman Old Style',serif; font-size: 12pt;\"><span style=\"color: #000000;\">Ein kr\u00e4ftiger, dunkelroter Weinessig mit fruchtiger S\u00fc\u00dfe, lebhafter S\u00e4ure und rundem Geschmack. Die G\u00e4rung in F\u00e4ssern aus Eichen-, Kastanien- und Kirschholz bestimmt sowohl Farbe als auch Aroma ma\u00dfgeblich. Die Abf\u00fcllung erfolgt in der kalten Jahreszeit. <\/span><\/span><\/p>\n","protected":false},"featured_media":2065,"comment_status":"closed","ping_status":"closed","template":"","meta":[],"product_brand":[],"product_cat":[34],"product_tag":[],"class_list":{"0":"post-756","1":"product","2":"type-product","3":"status-publish","4":"has-post-thumbnail","6":"product_cat-olivenoel-und-essig","8":"first","9":"outofstock","10":"taxable","11":"shipping-taxable","12":"purchasable","13":"product-type-simple"},"_links":{"self":[{"href":"https:\/\/plauserspeckladele.it\/index.php?rest_route=\/wp\/v2\/product\/756","targetHints":{"allow":["GET"]}}],"collection":[{"href":"https:\/\/plauserspeckladele.it\/index.php?rest_route=\/wp\/v2\/product"}],"about":[{"href":"https:\/\/plauserspeckladele.it\/index.php?rest_route=\/wp\/v2\/types\/product"}],"replies":[{"embeddable":true,"href":"https:\/\/plauserspeckladele.it\/index.php?rest_route=%2Fwp%2Fv2%2Fcomments&post=756"}],"wp:featuredmedia":[{"embeddable":true,"href":"https:\/\/plauserspeckladele.it\/index.php?rest_route=\/wp\/v2\/media\/2065"}],"wp:attachment":[{"href":"https:\/\/plauserspeckladele.it\/index.php?rest_route=%2Fwp%2Fv2%2Fmedia&parent=756"}],"wp:term":[{"taxonomy":"product_brand","embeddable":true,"href":"https:\/\/plauserspeckladele.it\/index.php?rest_route=%2Fwp%2Fv2%2Fproduct_brand&post=756"},{"taxonomy":"product_cat","embeddable":true,"href":"https:\/\/plauserspeckladele.it\/index.php?rest_route=%2Fwp%2Fv2%2Fproduct_cat&post=756"},{"taxonomy":"product_tag","embeddable":true,"href":"https:\/\/plauserspeckladele.it\/index.php?rest_route=%2Fwp%2Fv2%2Fproduct_tag&post=756"}],"curies":[{"name":"wp","href":"https:\/\/api.w.org\/{rel}","templated":true}]}}