{"id":808,"date":"2020-12-08T18:07:30","date_gmt":"2020-12-08T17:07:30","guid":{"rendered":"https:\/\/plauserspeckladele.it\/?post_type=product&#038;p=808"},"modified":"2020-12-08T18:07:30","modified_gmt":"2020-12-08T17:07:30","slug":"sportlerin-suedtiroler-kraeuterrebellen","status":"publish","type":"product","link":"https:\/\/plauserspeckladele.it\/?product=sportlerin-suedtiroler-kraeuterrebellen","title":{"rendered":"Sportlerin (S\u00fcdtiroler Kr\u00e4uterrebellen)"},"content":{"rendered":"","protected":false},"excerpt":{"rendered":"<p>Die S\u00fcdtiroler Kr\u00e4uterrebellen verarbeiten Bergkr\u00e4uter zu hocharomatischen Kr\u00e4uteraufg\u00fcssen. Die Kr\u00e4uter werden liebevoll geerntet und anschlie\u00dfend veredelt. Die reine Bergluft auf einer H\u00f6he von 1.350 m und das langsame Wachstum dort, das oftmals nur 3 statt 5 Ernten pro Jahr erm\u00f6glicht, sind das Geheimnis der intensiven Aromen und der wunderbaren Farbenpracht dieser Mischungen.<\/p>\n<p>Zutaten: Melisse, Pfefferminze, Zitronenverbene, Spitzwegerich, Apfelst\u00fccke, Ringelblume, Kornblume, Malve, Holunder, Thymian, Moschus, Schafgarbe.<\/p>\n","protected":false},"featured_media":812,"comment_status":"closed","ping_status":"closed","template":"","meta":[],"product_brand":[],"product_cat":[35],"product_tag":[],"class_list":{"0":"post-808","1":"product","2":"type-product","3":"status-publish","4":"has-post-thumbnail","6":"product_cat-kaffee-tee","8":"first","9":"instock","10":"taxable","11":"shipping-taxable","12":"purchasable","13":"product-type-simple"},"_links":{"self":[{"href":"https:\/\/plauserspeckladele.it\/index.php?rest_route=\/wp\/v2\/product\/808","targetHints":{"allow":["GET"]}}],"collection":[{"href":"https:\/\/plauserspeckladele.it\/index.php?rest_route=\/wp\/v2\/product"}],"about":[{"href":"https:\/\/plauserspeckladele.it\/index.php?rest_route=\/wp\/v2\/types\/product"}],"replies":[{"embeddable":true,"href":"https:\/\/plauserspeckladele.it\/index.php?rest_route=%2Fwp%2Fv2%2Fcomments&post=808"}],"wp:featuredmedia":[{"embeddable":true,"href":"https:\/\/plauserspeckladele.it\/index.php?rest_route=\/wp\/v2\/media\/812"}],"wp:attachment":[{"href":"https:\/\/plauserspeckladele.it\/index.php?rest_route=%2Fwp%2Fv2%2Fmedia&parent=808"}],"wp:term":[{"taxonomy":"product_brand","embeddable":true,"href":"https:\/\/plauserspeckladele.it\/index.php?rest_route=%2Fwp%2Fv2%2Fproduct_brand&post=808"},{"taxonomy":"product_cat","embeddable":true,"href":"https:\/\/plauserspeckladele.it\/index.php?rest_route=%2Fwp%2Fv2%2Fproduct_cat&post=808"},{"taxonomy":"product_tag","embeddable":true,"href":"https:\/\/plauserspeckladele.it\/index.php?rest_route=%2Fwp%2Fv2%2Fproduct_tag&post=808"}],"curies":[{"name":"wp","href":"https:\/\/api.w.org\/{rel}","templated":true}]}}