{"id":816,"date":"2020-12-08T18:12:37","date_gmt":"2020-12-08T17:12:37","guid":{"rendered":"https:\/\/plauserspeckladele.it\/?post_type=product&#038;p=816"},"modified":"2023-03-02T15:32:57","modified_gmt":"2023-03-02T14:32:57","slug":"stilfserjoch-suedtiroler-kraeuterrebellen","status":"publish","type":"product","link":"https:\/\/plauserspeckladele.it\/?product=stilfserjoch-suedtiroler-kraeuterrebellen","title":{"rendered":"Pure H\u00f6henluft Bergkr\u00e4uteraufguss"},"content":{"rendered":"","protected":false},"excerpt":{"rendered":"<p>Die S\u00fcdtiroler Kr\u00e4uterrebellen verarbeiten Bergkr\u00e4uter zu hocharomatischen Kr\u00e4uteraufg\u00fcssen. Die Kr\u00e4uter werden liebevoll geerntet und anschlie\u00dfend veredelt. Die reine Bergluft auf einer H\u00f6he von 1.350 m und das langsame Wachstum dort, das oftmals nur 3 statt 5 Ernten pro Jahr erm\u00f6glicht, sind das Geheimnis der intensiven Aromen und der wunderbaren Farbenpracht dieser Mischungen.<\/p>\n<p>Zutaten: Melisse, Zitronenverbene, Brennnessel, Ringelblume, Apfel, Rote Beete, Edelraute.<\/p>\n","protected":false},"featured_media":820,"comment_status":"closed","ping_status":"closed","template":"","meta":[],"product_brand":[],"product_cat":[35],"product_tag":[],"class_list":{"0":"post-816","1":"product","2":"type-product","3":"status-publish","4":"has-post-thumbnail","6":"product_cat-kaffee-tee","8":"first","9":"instock","10":"taxable","11":"shipping-taxable","12":"purchasable","13":"product-type-simple"},"_links":{"self":[{"href":"https:\/\/plauserspeckladele.it\/index.php?rest_route=\/wp\/v2\/product\/816","targetHints":{"allow":["GET"]}}],"collection":[{"href":"https:\/\/plauserspeckladele.it\/index.php?rest_route=\/wp\/v2\/product"}],"about":[{"href":"https:\/\/plauserspeckladele.it\/index.php?rest_route=\/wp\/v2\/types\/product"}],"replies":[{"embeddable":true,"href":"https:\/\/plauserspeckladele.it\/index.php?rest_route=%2Fwp%2Fv2%2Fcomments&post=816"}],"wp:featuredmedia":[{"embeddable":true,"href":"https:\/\/plauserspeckladele.it\/index.php?rest_route=\/wp\/v2\/media\/820"}],"wp:attachment":[{"href":"https:\/\/plauserspeckladele.it\/index.php?rest_route=%2Fwp%2Fv2%2Fmedia&parent=816"}],"wp:term":[{"taxonomy":"product_brand","embeddable":true,"href":"https:\/\/plauserspeckladele.it\/index.php?rest_route=%2Fwp%2Fv2%2Fproduct_brand&post=816"},{"taxonomy":"product_cat","embeddable":true,"href":"https:\/\/plauserspeckladele.it\/index.php?rest_route=%2Fwp%2Fv2%2Fproduct_cat&post=816"},{"taxonomy":"product_tag","embeddable":true,"href":"https:\/\/plauserspeckladele.it\/index.php?rest_route=%2Fwp%2Fv2%2Fproduct_tag&post=816"}],"curies":[{"name":"wp","href":"https:\/\/api.w.org\/{rel}","templated":true}]}}