{"id":832,"date":"2020-12-08T18:22:16","date_gmt":"2020-12-08T17:22:16","guid":{"rendered":"https:\/\/plauserspeckladele.it\/?post_type=product&#038;p=832"},"modified":"2023-11-14T09:59:50","modified_gmt":"2023-11-14T08:59:50","slug":"kaminwurzen-mit-hirschfleisch","status":"publish","type":"product","link":"https:\/\/plauserspeckladele.it\/?product=kaminwurzen-mit-hirschfleisch","title":{"rendered":"Kaminwurzen mit Hirschfleisch"},"content":{"rendered":"","protected":false},"excerpt":{"rendered":"<p>Die frisch ger\u00e4ucherten Kaminwurzen aus magerem heimischem Hirschfleisch sind mit Schweine- und Rindfleisch verfeinert und kr\u00e4ftig im Geschmack.<\/p>\n<p>Zutaten: Schweinefleisch (61 g pro 100 g); Hirschfleisch (39 g pro 100 g); Rindfleisch (39 g pro 100 g); R\u00fcckenspeck; P\u00f6kelsalz; Dextrose; Gew\u00fcrze; Antioxidationsmittel: Natriumascorbat, Ascorbins\u00e4ure; Knoblauch; Oregano; Piment; Starterkulturen; Konservierungsstoffe: Natriumnitrit, Kaliumnitrat.<\/p>\n<p>\u2713 Glutamatfrei<\/p>\n<p>\u2713 Laktosefrei<\/p>\n<p>\u2713 Allergenfrei<\/p>\n<p>\u2713 Glutenfrei<\/p>\n","protected":false},"featured_media":841,"comment_status":"closed","ping_status":"closed","template":"","meta":[],"product_brand":[],"product_cat":[32],"product_tag":[],"class_list":{"0":"post-832","1":"product","2":"type-product","3":"status-publish","4":"has-post-thumbnail","6":"product_cat-salami-wurst","8":"first","9":"instock","10":"taxable","11":"shipping-taxable","12":"purchasable","13":"product-type-variable"},"_links":{"self":[{"href":"https:\/\/plauserspeckladele.it\/index.php?rest_route=\/wp\/v2\/product\/832","targetHints":{"allow":["GET"]}}],"collection":[{"href":"https:\/\/plauserspeckladele.it\/index.php?rest_route=\/wp\/v2\/product"}],"about":[{"href":"https:\/\/plauserspeckladele.it\/index.php?rest_route=\/wp\/v2\/types\/product"}],"replies":[{"embeddable":true,"href":"https:\/\/plauserspeckladele.it\/index.php?rest_route=%2Fwp%2Fv2%2Fcomments&post=832"}],"wp:featuredmedia":[{"embeddable":true,"href":"https:\/\/plauserspeckladele.it\/index.php?rest_route=\/wp\/v2\/media\/841"}],"wp:attachment":[{"href":"https:\/\/plauserspeckladele.it\/index.php?rest_route=%2Fwp%2Fv2%2Fmedia&parent=832"}],"wp:term":[{"taxonomy":"product_brand","embeddable":true,"href":"https:\/\/plauserspeckladele.it\/index.php?rest_route=%2Fwp%2Fv2%2Fproduct_brand&post=832"},{"taxonomy":"product_cat","embeddable":true,"href":"https:\/\/plauserspeckladele.it\/index.php?rest_route=%2Fwp%2Fv2%2Fproduct_cat&post=832"},{"taxonomy":"product_tag","embeddable":true,"href":"https:\/\/plauserspeckladele.it\/index.php?rest_route=%2Fwp%2Fv2%2Fproduct_tag&post=832"}],"curies":[{"name":"wp","href":"https:\/\/api.w.org\/{rel}","templated":true}]}}