{"id":872,"date":"2020-12-08T18:42:29","date_gmt":"2020-12-08T17:42:29","guid":{"rendered":"https:\/\/plauserspeckladele.it\/?post_type=product&#038;p=872"},"modified":"2025-05-21T17:00:36","modified_gmt":"2025-05-21T15:00:36","slug":"parmigiano-reggiano","status":"publish","type":"product","link":"https:\/\/plauserspeckladele.it\/?product=parmigiano-reggiano","title":{"rendered":"Parmigiano Reggiano"},"content":{"rendered":"","protected":false},"excerpt":{"rendered":"<p>Parmigiano Reggiano ist ein italienischer Extrahartk\u00e4se aus Kuhmilch, der sich besonders gut zum Reiben und als W\u00fcrzk\u00e4se eignet. Laut den DOP-Vorschriften darf er nur in den Provinzen Parma, Reggio Emilia, Modena, Bologna westlich des Reno sowie in Mantua \u00f6stlich des Po produziert werden.<\/p>\n","protected":false},"featured_media":873,"comment_status":"closed","ping_status":"closed","template":"","meta":[],"product_brand":[],"product_cat":[33],"product_tag":[],"class_list":{"0":"post-872","1":"product","2":"type-product","3":"status-publish","4":"has-post-thumbnail","6":"product_cat-kaese","8":"first","9":"instock","10":"taxable","11":"shipping-taxable","12":"purchasable","13":"product-type-simple"},"_links":{"self":[{"href":"https:\/\/plauserspeckladele.it\/index.php?rest_route=\/wp\/v2\/product\/872","targetHints":{"allow":["GET"]}}],"collection":[{"href":"https:\/\/plauserspeckladele.it\/index.php?rest_route=\/wp\/v2\/product"}],"about":[{"href":"https:\/\/plauserspeckladele.it\/index.php?rest_route=\/wp\/v2\/types\/product"}],"replies":[{"embeddable":true,"href":"https:\/\/plauserspeckladele.it\/index.php?rest_route=%2Fwp%2Fv2%2Fcomments&post=872"}],"wp:featuredmedia":[{"embeddable":true,"href":"https:\/\/plauserspeckladele.it\/index.php?rest_route=\/wp\/v2\/media\/873"}],"wp:attachment":[{"href":"https:\/\/plauserspeckladele.it\/index.php?rest_route=%2Fwp%2Fv2%2Fmedia&parent=872"}],"wp:term":[{"taxonomy":"product_brand","embeddable":true,"href":"https:\/\/plauserspeckladele.it\/index.php?rest_route=%2Fwp%2Fv2%2Fproduct_brand&post=872"},{"taxonomy":"product_cat","embeddable":true,"href":"https:\/\/plauserspeckladele.it\/index.php?rest_route=%2Fwp%2Fv2%2Fproduct_cat&post=872"},{"taxonomy":"product_tag","embeddable":true,"href":"https:\/\/plauserspeckladele.it\/index.php?rest_route=%2Fwp%2Fv2%2Fproduct_tag&post=872"}],"curies":[{"name":"wp","href":"https:\/\/api.w.org\/{rel}","templated":true}]}}