{"id":887,"date":"2020-12-08T18:49:33","date_gmt":"2020-12-08T17:49:33","guid":{"rendered":"https:\/\/plauserspeckladele.it\/?post_type=product&#038;p=887"},"modified":"2025-05-21T17:15:20","modified_gmt":"2025-05-21T15:15:20","slug":"schnittkaese-kraeuterhexe","status":"publish","type":"product","link":"https:\/\/plauserspeckladele.it\/?product=schnittkaese-kraeuterhexe","title":{"rendered":"Schnittk\u00e4se \u201eKr\u00e4uterhexe 500g"},"content":{"rendered":"","protected":false},"excerpt":{"rendered":"<p>Der Schnittk\u00e4se \u201eKr\u00e4uterhexe\u201c stellt aufgrund seines verf\u00fchrerischen \u00c4u\u00dferen einen Blickfang dar. Umh\u00fcllt wird er von einer hellgelben, essbaren Rinde, die mit verschiedenen Bergkr\u00e4utern und Heublumen ummantelt ist. Der K\u00e4seteig ist hell- bis strohgelb und weist eine Bruch- sowie Schlitzlochung auf. Die Konsistenz im Gaumen ist weich, geschmeidig und schmelzend. Aroma und Geschmack des K\u00e4ses sind frisch und angenehm, wobei milchige und buttrige Noten zum Vorschein kommen, die von Kr\u00e4uteraromen begleitet werden.<\/p>\n","protected":false},"featured_media":888,"comment_status":"closed","ping_status":"closed","template":"","meta":[],"product_brand":[],"product_cat":[33],"product_tag":[],"class_list":{"0":"post-887","1":"product","2":"type-product","3":"status-publish","4":"has-post-thumbnail","6":"product_cat-kaese","8":"first","9":"instock","10":"taxable","11":"shipping-taxable","12":"purchasable","13":"product-type-simple"},"_links":{"self":[{"href":"https:\/\/plauserspeckladele.it\/index.php?rest_route=\/wp\/v2\/product\/887","targetHints":{"allow":["GET"]}}],"collection":[{"href":"https:\/\/plauserspeckladele.it\/index.php?rest_route=\/wp\/v2\/product"}],"about":[{"href":"https:\/\/plauserspeckladele.it\/index.php?rest_route=\/wp\/v2\/types\/product"}],"replies":[{"embeddable":true,"href":"https:\/\/plauserspeckladele.it\/index.php?rest_route=%2Fwp%2Fv2%2Fcomments&post=887"}],"wp:featuredmedia":[{"embeddable":true,"href":"https:\/\/plauserspeckladele.it\/index.php?rest_route=\/wp\/v2\/media\/888"}],"wp:attachment":[{"href":"https:\/\/plauserspeckladele.it\/index.php?rest_route=%2Fwp%2Fv2%2Fmedia&parent=887"}],"wp:term":[{"taxonomy":"product_brand","embeddable":true,"href":"https:\/\/plauserspeckladele.it\/index.php?rest_route=%2Fwp%2Fv2%2Fproduct_brand&post=887"},{"taxonomy":"product_cat","embeddable":true,"href":"https:\/\/plauserspeckladele.it\/index.php?rest_route=%2Fwp%2Fv2%2Fproduct_cat&post=887"},{"taxonomy":"product_tag","embeddable":true,"href":"https:\/\/plauserspeckladele.it\/index.php?rest_route=%2Fwp%2Fv2%2Fproduct_tag&post=887"}],"curies":[{"name":"wp","href":"https:\/\/api.w.org\/{rel}","templated":true}]}}