{"id":890,"date":"2020-12-08T18:54:45","date_gmt":"2020-12-08T17:54:45","guid":{"rendered":"https:\/\/plauserspeckladele.it\/?post_type=product&#038;p=890"},"modified":"2023-03-01T11:13:50","modified_gmt":"2023-03-01T10:13:50","slug":"ortler","status":"publish","type":"product","link":"https:\/\/plauserspeckladele.it\/?product=ortler","title":{"rendered":"Ortler"},"content":{"rendered":"","protected":false},"excerpt":{"rendered":"<p>Namensgeber f\u00fcr diesen K\u00e4se ist der h\u00f6chste Berg S\u00fcdtirols: K\u00f6nig Ortler. Der milde Schnittk\u00e4se wird von einer grifffesten, wachsigen Rinde umh\u00fcllt. Das Innere ist hell- bis strohgelb, wobei der K\u00e4seteig mit einer Bruch- bzw. Schlitzlochung versehen ist. Die Konsistenz im Gaumen ist kompakt, trotzdem geschmeidig und leicht br\u00f6ckelnd. Das Aroma des K\u00e4ses ist komplex, begleitet von milchigen, nussigen und leichten Pistaziennoten.<\/p>\n","protected":false},"featured_media":894,"comment_status":"closed","ping_status":"closed","template":"","meta":[],"product_brand":[],"product_cat":[33],"product_tag":[],"class_list":{"0":"post-890","1":"product","2":"type-product","3":"status-publish","4":"has-post-thumbnail","6":"product_cat-kaese","8":"first","9":"instock","10":"sale","11":"taxable","12":"shipping-taxable","13":"purchasable","14":"product-type-variable"},"_links":{"self":[{"href":"https:\/\/plauserspeckladele.it\/index.php?rest_route=\/wp\/v2\/product\/890","targetHints":{"allow":["GET"]}}],"collection":[{"href":"https:\/\/plauserspeckladele.it\/index.php?rest_route=\/wp\/v2\/product"}],"about":[{"href":"https:\/\/plauserspeckladele.it\/index.php?rest_route=\/wp\/v2\/types\/product"}],"replies":[{"embeddable":true,"href":"https:\/\/plauserspeckladele.it\/index.php?rest_route=%2Fwp%2Fv2%2Fcomments&post=890"}],"wp:featuredmedia":[{"embeddable":true,"href":"https:\/\/plauserspeckladele.it\/index.php?rest_route=\/wp\/v2\/media\/894"}],"wp:attachment":[{"href":"https:\/\/plauserspeckladele.it\/index.php?rest_route=%2Fwp%2Fv2%2Fmedia&parent=890"}],"wp:term":[{"taxonomy":"product_brand","embeddable":true,"href":"https:\/\/plauserspeckladele.it\/index.php?rest_route=%2Fwp%2Fv2%2Fproduct_brand&post=890"},{"taxonomy":"product_cat","embeddable":true,"href":"https:\/\/plauserspeckladele.it\/index.php?rest_route=%2Fwp%2Fv2%2Fproduct_cat&post=890"},{"taxonomy":"product_tag","embeddable":true,"href":"https:\/\/plauserspeckladele.it\/index.php?rest_route=%2Fwp%2Fv2%2Fproduct_tag&post=890"}],"curies":[{"name":"wp","href":"https:\/\/api.w.org\/{rel}","templated":true}]}}