{"id":896,"date":"2020-12-08T19:01:10","date_gmt":"2020-12-08T18:01:10","guid":{"rendered":"https:\/\/plauserspeckladele.it\/?post_type=product&#038;p=896"},"modified":"2025-05-21T17:12:43","modified_gmt":"2025-05-21T15:12:43","slug":"schnittkaese-stilfser","status":"publish","type":"product","link":"https:\/\/plauserspeckladele.it\/?product=schnittkaese-stilfser","title":{"rendered":"Schnittk\u00e4se \u201eStilfser\u201c"},"content":{"rendered":"","protected":false},"excerpt":{"rendered":"<p>Im Geschmack zeigt sich der Stilfser intensiv und \u00fcberzeugt mit seiner vollen Kraft und dominanten W\u00fcrze. Die Konsistenz im Gaumen ist sehr weich und angenehm. Das Aroma des K\u00e4ses erinnert an milchige, getoastete und nussige Noten. Als erster und einziger S\u00fcdtiroler K\u00e4se tr\u00e4gt der Stilfser die gesch\u00fctzte Ursprungsbezeichnung g.U. und wird ausschlie\u00dflich von Mila\/Bergmilch S\u00fcdtirol und der Sennerei Burgeis hergestellt.<\/p>\n","protected":false},"featured_media":904,"comment_status":"closed","ping_status":"closed","template":"","meta":[],"product_brand":[],"product_cat":[33],"product_tag":[],"class_list":{"0":"post-896","1":"product","2":"type-product","3":"status-publish","4":"has-post-thumbnail","6":"product_cat-kaese","8":"first","9":"instock","10":"taxable","11":"shipping-taxable","12":"purchasable","13":"product-type-variable"},"_links":{"self":[{"href":"https:\/\/plauserspeckladele.it\/index.php?rest_route=\/wp\/v2\/product\/896","targetHints":{"allow":["GET"]}}],"collection":[{"href":"https:\/\/plauserspeckladele.it\/index.php?rest_route=\/wp\/v2\/product"}],"about":[{"href":"https:\/\/plauserspeckladele.it\/index.php?rest_route=\/wp\/v2\/types\/product"}],"replies":[{"embeddable":true,"href":"https:\/\/plauserspeckladele.it\/index.php?rest_route=%2Fwp%2Fv2%2Fcomments&post=896"}],"wp:featuredmedia":[{"embeddable":true,"href":"https:\/\/plauserspeckladele.it\/index.php?rest_route=\/wp\/v2\/media\/904"}],"wp:attachment":[{"href":"https:\/\/plauserspeckladele.it\/index.php?rest_route=%2Fwp%2Fv2%2Fmedia&parent=896"}],"wp:term":[{"taxonomy":"product_brand","embeddable":true,"href":"https:\/\/plauserspeckladele.it\/index.php?rest_route=%2Fwp%2Fv2%2Fproduct_brand&post=896"},{"taxonomy":"product_cat","embeddable":true,"href":"https:\/\/plauserspeckladele.it\/index.php?rest_route=%2Fwp%2Fv2%2Fproduct_cat&post=896"},{"taxonomy":"product_tag","embeddable":true,"href":"https:\/\/plauserspeckladele.it\/index.php?rest_route=%2Fwp%2Fv2%2Fproduct_tag&post=896"}],"curies":[{"name":"wp","href":"https:\/\/api.w.org\/{rel}","templated":true}]}}