{"id":923,"date":"2020-12-08T19:17:25","date_gmt":"2020-12-08T18:17:25","guid":{"rendered":"https:\/\/plauserspeckladele.it\/?post_type=product&#038;p=923"},"modified":"2023-03-02T15:47:25","modified_gmt":"2023-03-02T14:47:25","slug":"weinkaese","status":"publish","type":"product","link":"https:\/\/plauserspeckladele.it\/?product=weinkaese","title":{"rendered":"Weink\u00e4se"},"content":{"rendered":"","protected":false},"excerpt":{"rendered":"<p>Der Weink\u00e4se mit seiner typisch dunklen Rinde wird in Weintrestern affiniert und entf\u00fchrt Sie mit seinem Aroma in die Welt der edlen<\/p>\n<p>S\u00fcdtiroler Tropfen. Tipp: idealer Snack zum Aperitif.<\/p>\n","protected":false},"featured_media":930,"comment_status":"closed","ping_status":"closed","template":"","meta":[],"product_brand":[],"product_cat":[33],"product_tag":[],"class_list":{"0":"post-923","1":"product","2":"type-product","3":"status-publish","4":"has-post-thumbnail","6":"product_cat-kaese","8":"first","9":"instock","10":"taxable","11":"shipping-taxable","12":"purchasable","13":"product-type-variable"},"_links":{"self":[{"href":"https:\/\/plauserspeckladele.it\/index.php?rest_route=\/wp\/v2\/product\/923","targetHints":{"allow":["GET"]}}],"collection":[{"href":"https:\/\/plauserspeckladele.it\/index.php?rest_route=\/wp\/v2\/product"}],"about":[{"href":"https:\/\/plauserspeckladele.it\/index.php?rest_route=\/wp\/v2\/types\/product"}],"replies":[{"embeddable":true,"href":"https:\/\/plauserspeckladele.it\/index.php?rest_route=%2Fwp%2Fv2%2Fcomments&post=923"}],"wp:featuredmedia":[{"embeddable":true,"href":"https:\/\/plauserspeckladele.it\/index.php?rest_route=\/wp\/v2\/media\/930"}],"wp:attachment":[{"href":"https:\/\/plauserspeckladele.it\/index.php?rest_route=%2Fwp%2Fv2%2Fmedia&parent=923"}],"wp:term":[{"taxonomy":"product_brand","embeddable":true,"href":"https:\/\/plauserspeckladele.it\/index.php?rest_route=%2Fwp%2Fv2%2Fproduct_brand&post=923"},{"taxonomy":"product_cat","embeddable":true,"href":"https:\/\/plauserspeckladele.it\/index.php?rest_route=%2Fwp%2Fv2%2Fproduct_cat&post=923"},{"taxonomy":"product_tag","embeddable":true,"href":"https:\/\/plauserspeckladele.it\/index.php?rest_route=%2Fwp%2Fv2%2Fproduct_tag&post=923"}],"curies":[{"name":"wp","href":"https:\/\/api.w.org\/{rel}","templated":true}]}}