{"id":950,"date":"2020-12-08T19:31:39","date_gmt":"2020-12-08T18:31:39","guid":{"rendered":"https:\/\/plauserspeckladele.it\/?post_type=product&#038;p=950"},"modified":"2022-04-12T12:27:05","modified_gmt":"2022-04-12T10:27:05","slug":"apfel-zwiebel-mostarda","status":"publish","type":"product","link":"https:\/\/plauserspeckladele.it\/?product=apfel-zwiebel-mostarda","title":{"rendered":"Apfel-Zwiebel-Mostarda"},"content":{"rendered":"","protected":false},"excerpt":{"rendered":"<p><span style=\"line-height: 115%; font-family: 'Bookman Old Style',serif; font-size: 12pt;\"><span style=\"color: #000000;\">W\u00fcrzige Kombination aus Apfel und Zwiebel, abgerundet und verfeinert mit Gew\u00fcrzen. Empfehlung: schmeckt k\u00f6stlich zu gut gereiftem Berg- und Schafsk\u00e4se sowie zu gekochtem Fleisch.<\/span><\/span><\/p>\n<p><span style=\"color: #000000;\"><span style=\"line-height: 115%; font-family: 'Bookman Old Style',serif; font-size: 12pt;\">Zutaten: Zucker, \u00c4pfel (32 %), Zwiebel (14 %), Weinessig, Knoblauch, Pfeffer, Sternanis, Zimt, Gew\u00fcrze, Geliermittel (Apfelpektin). Kann Spuren von Senf enthalten.<\/span><\/span><\/p>\n","protected":false},"featured_media":957,"comment_status":"closed","ping_status":"closed","template":"","meta":[],"product_brand":[],"product_cat":[37],"product_tag":[],"class_list":{"0":"post-950","1":"product","2":"type-product","3":"status-publish","4":"has-post-thumbnail","6":"product_cat-aufstriche","8":"first","9":"instock","10":"taxable","11":"shipping-taxable","12":"purchasable","13":"product-type-simple"},"_links":{"self":[{"href":"https:\/\/plauserspeckladele.it\/index.php?rest_route=\/wp\/v2\/product\/950","targetHints":{"allow":["GET"]}}],"collection":[{"href":"https:\/\/plauserspeckladele.it\/index.php?rest_route=\/wp\/v2\/product"}],"about":[{"href":"https:\/\/plauserspeckladele.it\/index.php?rest_route=\/wp\/v2\/types\/product"}],"replies":[{"embeddable":true,"href":"https:\/\/plauserspeckladele.it\/index.php?rest_route=%2Fwp%2Fv2%2Fcomments&post=950"}],"wp:featuredmedia":[{"embeddable":true,"href":"https:\/\/plauserspeckladele.it\/index.php?rest_route=\/wp\/v2\/media\/957"}],"wp:attachment":[{"href":"https:\/\/plauserspeckladele.it\/index.php?rest_route=%2Fwp%2Fv2%2Fmedia&parent=950"}],"wp:term":[{"taxonomy":"product_brand","embeddable":true,"href":"https:\/\/plauserspeckladele.it\/index.php?rest_route=%2Fwp%2Fv2%2Fproduct_brand&post=950"},{"taxonomy":"product_cat","embeddable":true,"href":"https:\/\/plauserspeckladele.it\/index.php?rest_route=%2Fwp%2Fv2%2Fproduct_cat&post=950"},{"taxonomy":"product_tag","embeddable":true,"href":"https:\/\/plauserspeckladele.it\/index.php?rest_route=%2Fwp%2Fv2%2Fproduct_tag&post=950"}],"curies":[{"name":"wp","href":"https:\/\/api.w.org\/{rel}","templated":true}]}}