{"id":956,"date":"2020-12-08T19:32:54","date_gmt":"2020-12-08T18:32:54","guid":{"rendered":"https:\/\/plauserspeckladele.it\/?post_type=product&#038;p=956"},"modified":"2023-03-01T11:19:12","modified_gmt":"2023-03-01T10:19:12","slug":"waldhonig","status":"publish","type":"product","link":"https:\/\/plauserspeckladele.it\/?product=waldhonig","title":{"rendered":"Waldhonig"},"content":{"rendered":"","protected":false},"excerpt":{"rendered":"<p>Der Waldhonig hat eine dunkle Farbe und ist mild im Geschmack. Bienen gewinnen diesen Honig nicht aus Bl\u00fctennektar, sondern aus Honigtau. Blatt- und Schildl\u00e4use scheiden Fl\u00fcssigkeit in Form von Honigtau aus, der sich auf Bl\u00e4ttern, Nadeln und Zweigen sammelt. Dort wird er von den Bienen aufgenommen und im Bienenstock zu Honig verarbeitet.<\/p>\n","protected":false},"featured_media":1543,"comment_status":"closed","ping_status":"closed","template":"","meta":[],"product_brand":[],"product_cat":[37],"product_tag":[],"class_list":{"0":"post-956","1":"product","2":"type-product","3":"status-publish","4":"has-post-thumbnail","6":"product_cat-aufstriche","8":"first","9":"instock","10":"taxable","11":"shipping-taxable","12":"purchasable","13":"product-type-simple"},"_links":{"self":[{"href":"https:\/\/plauserspeckladele.it\/index.php?rest_route=\/wp\/v2\/product\/956","targetHints":{"allow":["GET"]}}],"collection":[{"href":"https:\/\/plauserspeckladele.it\/index.php?rest_route=\/wp\/v2\/product"}],"about":[{"href":"https:\/\/plauserspeckladele.it\/index.php?rest_route=\/wp\/v2\/types\/product"}],"replies":[{"embeddable":true,"href":"https:\/\/plauserspeckladele.it\/index.php?rest_route=%2Fwp%2Fv2%2Fcomments&post=956"}],"wp:featuredmedia":[{"embeddable":true,"href":"https:\/\/plauserspeckladele.it\/index.php?rest_route=\/wp\/v2\/media\/1543"}],"wp:attachment":[{"href":"https:\/\/plauserspeckladele.it\/index.php?rest_route=%2Fwp%2Fv2%2Fmedia&parent=956"}],"wp:term":[{"taxonomy":"product_brand","embeddable":true,"href":"https:\/\/plauserspeckladele.it\/index.php?rest_route=%2Fwp%2Fv2%2Fproduct_brand&post=956"},{"taxonomy":"product_cat","embeddable":true,"href":"https:\/\/plauserspeckladele.it\/index.php?rest_route=%2Fwp%2Fv2%2Fproduct_cat&post=956"},{"taxonomy":"product_tag","embeddable":true,"href":"https:\/\/plauserspeckladele.it\/index.php?rest_route=%2Fwp%2Fv2%2Fproduct_tag&post=956"}],"curies":[{"name":"wp","href":"https:\/\/api.w.org\/{rel}","templated":true}]}}