{"id":967,"date":"2020-12-08T19:38:38","date_gmt":"2020-12-08T18:38:38","guid":{"rendered":"https:\/\/plauserspeckladele.it\/?post_type=product&#038;p=967"},"modified":"2023-03-02T15:38:34","modified_gmt":"2023-03-02T14:38:34","slug":"heidelbeer-kren-mostarda","status":"publish","type":"product","link":"https:\/\/plauserspeckladele.it\/?product=heidelbeer-kren-mostarda","title":{"rendered":"Heidelbeer-Kren-Mostarda"},"content":{"rendered":"","protected":false},"excerpt":{"rendered":"<p><span style=\"line-height: 115%; font-family: 'Bookman Old Style',serif; font-size: 12pt;\"><span style=\"color: #000000;\">Fruchtige Waldheidelbeere trifft w\u00fcrzigen Kren. Tipp: schmeckt ausgezeichnet zu ger\u00e4uchertem und gekochtem Fleisch, Speck, kalten Speisen und R\u00e4ucherfisch.<\/span><\/span><\/p>\n<p><span style=\"line-height: 115%; font-family: 'Bookman Old Style',serif; font-size: 12pt;\"><span style=\"color: #000000;\">Zutaten: Heidelbeeren (56 %), Zucker, Meerrettich (16 %), Zitronensaft, Gew\u00fcrze, Geliermittel (Apfelpektin). Kann Spuren von Senf enthalten.<\/span><\/span><\/p>\n","protected":false},"featured_media":970,"comment_status":"closed","ping_status":"closed","template":"","meta":[],"product_brand":[],"product_cat":[37],"product_tag":[],"class_list":{"0":"post-967","1":"product","2":"type-product","3":"status-publish","4":"has-post-thumbnail","6":"product_cat-aufstriche","8":"first","9":"instock","10":"taxable","11":"shipping-taxable","12":"purchasable","13":"product-type-simple"},"_links":{"self":[{"href":"https:\/\/plauserspeckladele.it\/index.php?rest_route=\/wp\/v2\/product\/967","targetHints":{"allow":["GET"]}}],"collection":[{"href":"https:\/\/plauserspeckladele.it\/index.php?rest_route=\/wp\/v2\/product"}],"about":[{"href":"https:\/\/plauserspeckladele.it\/index.php?rest_route=\/wp\/v2\/types\/product"}],"replies":[{"embeddable":true,"href":"https:\/\/plauserspeckladele.it\/index.php?rest_route=%2Fwp%2Fv2%2Fcomments&post=967"}],"wp:featuredmedia":[{"embeddable":true,"href":"https:\/\/plauserspeckladele.it\/index.php?rest_route=\/wp\/v2\/media\/970"}],"wp:attachment":[{"href":"https:\/\/plauserspeckladele.it\/index.php?rest_route=%2Fwp%2Fv2%2Fmedia&parent=967"}],"wp:term":[{"taxonomy":"product_brand","embeddable":true,"href":"https:\/\/plauserspeckladele.it\/index.php?rest_route=%2Fwp%2Fv2%2Fproduct_brand&post=967"},{"taxonomy":"product_cat","embeddable":true,"href":"https:\/\/plauserspeckladele.it\/index.php?rest_route=%2Fwp%2Fv2%2Fproduct_cat&post=967"},{"taxonomy":"product_tag","embeddable":true,"href":"https:\/\/plauserspeckladele.it\/index.php?rest_route=%2Fwp%2Fv2%2Fproduct_tag&post=967"}],"curies":[{"name":"wp","href":"https:\/\/api.w.org\/{rel}","templated":true}]}}